{"id":1042,"date":"2020-08-29T17:21:07","date_gmt":"2020-08-29T15:21:07","guid":{"rendered":"https:\/\/angels.ba\/cars\/?post_type=product&#038;p=1042"},"modified":"2022-04-01T12:47:52","modified_gmt":"2022-04-01T10:47:52","slug":"bmw-525d-f10-xdrive","status":"publish","type":"product","link":"https:\/\/angels.ba\/cars\/automobil\/bmw-525d-f10-xdrive\/","title":{"rendered":"BMW 525d F10 XDRIVE 2016"},"content":{"rendered":"<div id=\"detaljni-opis\" class=\"artikal_detaljniopis_tekst\">\n<ul>\n<li>Boja: Sophisto Grey Brilliant effect<\/li>\n<li>BMW Sport &amp; comfort mode<\/li>\n<li>Klimatronic<\/li>\n<li>Daljinsko zaklju\u010davanje<\/li>\n<li>ABS<\/li>\n<li>ESP<\/li>\n<li>CBC<\/li>\n<li>8x airbag<\/li>\n<li>Servo<\/li>\n<li>4x el. podiza\u010di stakala<\/li>\n<li>Kontrola zraka u gumama<\/li>\n<li>Senzor za ki\u0161u<\/li>\n<li>udio sustav CD\/Mp3<\/li>\n<li>Bluetooth priklju\u010dak za telefon<\/li>\n<li>Naslonja\u010d za ruku sa spremi\u0161tem za odlaganje stvari koji se zaklju\u010dava<\/li>\n<li>ISOFIX u\u010dvr\u0161\u0107iva\u010d za dje\u010dje sjedalo<\/li>\n<li>Sklopivo zadnje sjedalo, dvodjelno 60\/40<\/li>\n<li>Naslon za ruku nazad<\/li>\n<li>Krom paket<\/li>\n<li>Ukrasni detalji unutra\u0161njosti<\/li>\n<li>Multifunkcionalne tipke na volanu<\/li>\n<li>Putno kompjuter<\/li>\n<li>Tempomat<\/li>\n<li>Alu-felge 17&#8243;<\/li>\n<li>Parking senzori naprijed I nazad<\/li>\n<li>Elektronsko pomjeranje sjedi\u0161ta<\/li>\n<li>Dakota\u00a0 sjedi\u0161t<\/li>\n<li>Trokraki sportski upravlja\u010d<\/li>\n<li>LED dnevna svjetla<\/li>\n<li>Bi-Xenon svjetla<\/li>\n<li>Dinami\u010dko regulisanje du\u017eine snop<\/li>\n<li>Ure\u0111aj za \u010di\u0161\u0107enje svjetala<\/li>\n<li>Navigacija<\/li>\n<li>Display u boji<\/li>\n<li>Driving Experience Control<\/li>\n<li>ECO PRO modus &#8211; smanjenje potro\u0161nje goriva<\/li>\n<li>Efficient Dynamics<\/li>\n<li>Start &amp; Stop<\/li>\n<li>Keyless go &#8211; paljenje na dodir<\/li>\n<li>Automatik &#8211; Steptronic<\/li>\n<li>XDrive pogon 4&#215;4<\/li>\n<li>Exclusive Line, F10, FACELIFT, 140 kW &#8211; 190 KS<\/li>\n<\/ul>\n<\/div>\n","protected":false},"excerpt":{"rendered":"<div class=\"artikal_detaljniopis_tekst\">765,67 KM rata na 48 mjeseci-leasing<\/div>\n<div><\/div>\n<div class=\"artikal_detaljniopis_tekst\">ANGEL&#8217;S CARS garantuje kilometra\u017eu na\u0161ih vozila. Obezbje\u0111ujemo Raiffeisen leasing za koji odgovor dobijete za sat vremena. Ne radimo zamjenu automobila.<\/div>\n","protected":false},"featured_media":1043,"template":"","meta":{"_et_pb_use_builder":"","_et_pb_old_content":"","_et_gb_content_width":"","inline_featured_image":false},"product_cat":[32],"product_tag":[],"class_list":["post-1042","product","type-product","status-publish","has-post-thumbnail","hentry","product_cat-prodato","pa_godina-25","pa_gorivo-dizel","pa_kilometraza-183","pa_model-184","pa_proizvodjac-bmw","berocket_lgv_grid","berocket_lgv_list_grid"],"aioseo_notices":[],"_links":{"self":[{"href":"https:\/\/angels.ba\/cars\/wp-json\/wp\/v2\/product\/1042","targetHints":{"allow":["GET"]}}],"collection":[{"href":"https:\/\/angels.ba\/cars\/wp-json\/wp\/v2\/product"}],"about":[{"href":"https:\/\/angels.ba\/cars\/wp-json\/wp\/v2\/types\/product"}],"wp:featuredmedia":[{"embeddable":true,"href":"https:\/\/angels.ba\/cars\/wp-json\/wp\/v2\/media\/1043"}],"wp:attachment":[{"href":"https:\/\/angels.ba\/cars\/wp-json\/wp\/v2\/media?parent=1042"}],"wp:term":[{"taxonomy":"product_cat","embeddable":true,"href":"https:\/\/angels.ba\/cars\/wp-json\/wp\/v2\/product_cat?post=1042"},{"taxonomy":"product_tag","embeddable":true,"href":"https:\/\/angels.ba\/cars\/wp-json\/wp\/v2\/product_tag?post=1042"}],"curies":[{"name":"wp","href":"https:\/\/api.w.org\/{rel}","templated":true}]}}