{"id":1076,"date":"2020-09-17T16:19:00","date_gmt":"2020-09-17T14:19:00","guid":{"rendered":"https:\/\/angels.ba\/cars\/?post_type=product&#038;p=1076"},"modified":"2020-10-20T18:23:12","modified_gmt":"2020-10-20T16:23:12","slug":"polaris-scrambler-850","status":"publish","type":"product","link":"https:\/\/angels.ba\/cars\/automobil\/polaris-scrambler-850\/","title":{"rendered":"POLARIS SCRAMBLER 850"},"content":{"rendered":"<div id=\"detaljni-opis\" class=\"artikal_detaljniopis_tekst\">\n<p><strong>Engine &amp; Drivetrain:<\/strong><\/p>\n<p>Active Descent Control:Not Equipped<br \/>\nCooling:Liquid<br \/>\nCylinders Displacement:2 \/ 850cc<br \/>\nDrive System Type:True On-Demand AWD\/2WD<br \/>\nEngine Braking System (EBS):Standard<br \/>\nEngine Type:ProStar SOHC 4-Stroke Twin Cylinder<br \/>\nFuel System\/Battery:Electronic Fuel Injection<br \/>\nHorsepower:78 HP<br \/>\nTransmission\/Final Drive:Automatic PVT P\/R\/N\/L\/H; Shaft Drive<\/p>\n<p><strong>Dimensions:<\/strong><\/p>\n<p>Bed Box Dimensions (L x W x H)<br \/>\nN\/A<br \/>\nEstimated Dry Weight<br \/>\n735 lb (333 kg)<br \/>\nFront\/Rear Rack<br \/>\n25 lb \/ 50 lb (11.3 kg \/ 22.7 kg)<br \/>\nFuel Capacity<br \/>\n5.25 gal (19.9 L)<br \/>\nGround Clearance<br \/>\n11.5 in (29 cm)<br \/>\nOverall Vehicle Size (L x W x H)<br \/>\n82.3 x 48.6 x 48.4 in (209 x 123 x 123 cm)<br \/>\nPayload Capacity<br \/>\n290 lb (131 kg)<br \/>\nSeat Height<br \/>\n35 in (89 cm)<br \/>\nWheelbase<br \/>\n53 in (134.6 cm)<\/p>\n<p><strong>Brakes:<\/strong><\/p>\n<p>Front\/Rear Brakes<br \/>\nSingle Lever 3-Wheel Hydraulic Disc with Hydraulic Rear Foot Brake<br \/>\nParking Brake<br \/>\nPark In-Transmission \/ Lockable Hand Lever<\/p>\n<p><strong>Additional Specifications<\/strong><br \/>\nCargo System<br \/>\nLock &amp; Ride, 1 Gal (4 L) Rear Storage<br \/>\nFront Suspension<br \/>\nDual A-Arm 9 in (22.9 cm) Travel<br \/>\nHitch Towing Rating<br \/>\n1,500 lb (680.4 kg)<br \/>\nHitch Type<br \/>\nStandard\/1.25&#8243; Receiver<br \/>\nInstrumentation<br \/>\nAll Digital Gauge, Speedometer, Odometer, Tachometer, Two Tripmeters, Hour Meter, Gear Indicator, Fuel Gauge, AWD Indicator, Volt Meter, Coolant Temperature, Hi-Temp Light, Clock, DC Outlet<br \/>\nLighting<br \/>\n50w High\/Low Beam Headlights<br \/>\nRear Suspension<br \/>\nDual A-Arm, Rolled IRS, 10.25 in (26 cm) Travel<\/p>\n<p><strong>Tires \/ Wheels<\/strong><br \/>\nElectronic Power Steering<br \/>\nNot Equipped<br \/>\nFront Tires<br \/>\n26 x 8 CST<br \/>\nRear Tires<br \/>\n26 x 10 CST<br \/>\nWheels<br \/>\n14 in Steel<\/p>\n<\/div>\n","protected":false},"excerpt":{"rendered":"<p>NOVO!<\/p>\n<p>ANGEL&#8217;S CARS garantuje kilometra\u017eu na\u0161ih vozila. Obezbje\u0111ujemo Raiffeisen leasing za koji odgovor dobijete za sat vremena. Ne radimo zamjenu automobila.<\/p>\n","protected":false},"featured_media":1077,"template":"","meta":{"_et_pb_use_builder":"","_et_pb_old_content":"","_et_gb_content_width":"","inline_featured_image":false},"product_cat":[32],"product_tag":[],"class_list":["post-1076","product","type-product","status-publish","has-post-thumbnail","hentry","product_cat-prodato","pa_godina-24","pa_model-scrambler","pa_proizvodjac-polaris","berocket_lgv_grid","berocket_lgv_list_grid"],"aioseo_notices":[],"_links":{"self":[{"href":"https:\/\/angels.ba\/cars\/wp-json\/wp\/v2\/product\/1076","targetHints":{"allow":["GET"]}}],"collection":[{"href":"https:\/\/angels.ba\/cars\/wp-json\/wp\/v2\/product"}],"about":[{"href":"https:\/\/angels.ba\/cars\/wp-json\/wp\/v2\/types\/product"}],"wp:featuredmedia":[{"embeddable":true,"href":"https:\/\/angels.ba\/cars\/wp-json\/wp\/v2\/media\/1077"}],"wp:attachment":[{"href":"https:\/\/angels.ba\/cars\/wp-json\/wp\/v2\/media?parent=1076"}],"wp:term":[{"taxonomy":"product_cat","embeddable":true,"href":"https:\/\/angels.ba\/cars\/wp-json\/wp\/v2\/product_cat?post=1076"},{"taxonomy":"product_tag","embeddable":true,"href":"https:\/\/angels.ba\/cars\/wp-json\/wp\/v2\/product_tag?post=1076"}],"curies":[{"name":"wp","href":"https:\/\/api.w.org\/{rel}","templated":true}]}}