{"id":1157,"date":"2020-10-27T21:36:49","date_gmt":"2020-10-27T20:36:49","guid":{"rendered":"https:\/\/angels.ba\/cars\/?post_type=product&#038;p=1157"},"modified":"2021-06-10T20:20:31","modified_gmt":"2021-06-10T18:20:31","slug":"skoda-octavia-2-0-full-ledxenon","status":"publish","type":"product","link":"https:\/\/angels.ba\/cars\/automobil\/skoda-octavia-2-0-full-ledxenon\/","title":{"rendered":"SKODA OCTAVIA 2.0 FULL LED, XENON"},"content":{"rendered":"<p>Vozilo\u00a0posjeduje<\/p>\n<ul>\n<li>Grijanje i prednjih i zadnjih sjedi\u0161ta<\/li>\n<li>Ambijent osvjetljenje<\/li>\n<li>Euro kuka<\/li>\n<li>Coming home &#8211; leaving home funkciju<\/li>\n<\/ul>\n","protected":false},"excerpt":{"rendered":"<p>ANGEL\u2019S CARS garantuje kilometra\u017eu na\u0161ih vozila. Obezbje\u0111ujemo Raiffeisen leasing za koji odgovor dobijete za sat vremena. Ne radimo zamjenu automobila.<\/p>\n","protected":false},"featured_media":1158,"template":"","meta":{"_et_pb_use_builder":"","_et_pb_old_content":"","_et_gb_content_width":"","inline_featured_image":false},"product_cat":[32],"product_tag":[],"class_list":["post-1157","product","type-product","status-publish","has-post-thumbnail","hentry","product_cat-prodato","pa_godina-25","pa_gorivo-dizel","pa_kilometraza-193","pa_model-octavia","pa_proizvodjac-skoda","berocket_lgv_grid","berocket_lgv_list_grid"],"aioseo_notices":[],"_links":{"self":[{"href":"https:\/\/angels.ba\/cars\/wp-json\/wp\/v2\/product\/1157","targetHints":{"allow":["GET"]}}],"collection":[{"href":"https:\/\/angels.ba\/cars\/wp-json\/wp\/v2\/product"}],"about":[{"href":"https:\/\/angels.ba\/cars\/wp-json\/wp\/v2\/types\/product"}],"wp:featuredmedia":[{"embeddable":true,"href":"https:\/\/angels.ba\/cars\/wp-json\/wp\/v2\/media\/1158"}],"wp:attachment":[{"href":"https:\/\/angels.ba\/cars\/wp-json\/wp\/v2\/media?parent=1157"}],"wp:term":[{"taxonomy":"product_cat","embeddable":true,"href":"https:\/\/angels.ba\/cars\/wp-json\/wp\/v2\/product_cat?post=1157"},{"taxonomy":"product_tag","embeddable":true,"href":"https:\/\/angels.ba\/cars\/wp-json\/wp\/v2\/product_tag?post=1157"}],"curies":[{"name":"wp","href":"https:\/\/api.w.org\/{rel}","templated":true}]}}