{"id":1222,"date":"2020-12-16T10:54:37","date_gmt":"2020-12-16T09:54:37","guid":{"rendered":"https:\/\/angels.ba\/cars\/?post_type=product&#038;p=1222"},"modified":"2022-04-01T12:46:36","modified_gmt":"2022-04-01T10:46:36","slug":"dacia-duster-4wd-16-12-2015-g","status":"publish","type":"product","link":"https:\/\/angels.ba\/cars\/automobil\/dacia-duster-4wd-16-12-2015-g\/","title":{"rendered":"DACIA DUSTER 4WD 2015"},"content":{"rendered":"<p>Vozilo sa maksimalnom opremom<\/p>\n<p>Michelin Alpin 5 gumama<\/p>\n<p>Parking senzorima<\/p>\n<p>Navigacijom<\/p>\n","protected":false},"excerpt":{"rendered":"<div class=\"artikal_detaljniopis_tekst\">415,90 KM rata na 36 mjeseci-leasing<\/div>\n<div><\/div>\n<div class=\"artikal_detaljniopis_tekst\">ANGEL\u2019S CARS garantuje kilometra\u017eu na\u0161ih vozila. Obezbje\u0111ujemo Raiffeisen leasing za koji odgovor dobijete za sat vremena. Ne radimo zamjenu automobila.<\/div>\n","protected":false},"featured_media":1223,"template":"","meta":{"_et_pb_use_builder":"","_et_pb_old_content":"","_et_gb_content_width":"","inline_featured_image":false},"product_cat":[32],"product_tag":[],"class_list":["post-1222","product","type-product","status-publish","has-post-thumbnail","hentry","product_cat-prodato","pa_godina-17","pa_gorivo-dizel","pa_kilometraza-194","pa_model-duster","pa_proizvodjac-dacia","berocket_lgv_grid","berocket_lgv_list_grid"],"aioseo_notices":[],"_links":{"self":[{"href":"https:\/\/angels.ba\/cars\/wp-json\/wp\/v2\/product\/1222","targetHints":{"allow":["GET"]}}],"collection":[{"href":"https:\/\/angels.ba\/cars\/wp-json\/wp\/v2\/product"}],"about":[{"href":"https:\/\/angels.ba\/cars\/wp-json\/wp\/v2\/types\/product"}],"wp:featuredmedia":[{"embeddable":true,"href":"https:\/\/angels.ba\/cars\/wp-json\/wp\/v2\/media\/1223"}],"wp:attachment":[{"href":"https:\/\/angels.ba\/cars\/wp-json\/wp\/v2\/media?parent=1222"}],"wp:term":[{"taxonomy":"product_cat","embeddable":true,"href":"https:\/\/angels.ba\/cars\/wp-json\/wp\/v2\/product_cat?post=1222"},{"taxonomy":"product_tag","embeddable":true,"href":"https:\/\/angels.ba\/cars\/wp-json\/wp\/v2\/product_tag?post=1222"}],"curies":[{"name":"wp","href":"https:\/\/api.w.org\/{rel}","templated":true}]}}