{"id":1383,"date":"2021-03-05T14:41:25","date_gmt":"2021-03-05T13:41:25","guid":{"rendered":"https:\/\/angels.ba\/cars\/?post_type=product&#038;p=1383"},"modified":"2022-04-01T12:46:20","modified_gmt":"2022-04-01T10:46:20","slug":"peugeot-508-2-0-blue-hdi2016-g","status":"publish","type":"product","link":"https:\/\/angels.ba\/cars\/automobil\/peugeot-508-2-0-blue-hdi2016-g\/","title":{"rendered":"PEUGEOT 508 2.0 BLUE HDI, 2016"},"content":{"rendered":"","protected":false},"excerpt":{"rendered":"<p>ANGEL\u2019S CARS garantuje kilometra\u017eu na\u0161ih vozila. Obezbje\u0111ujemo Raiffeisen leasing za koji odgovor dobijete za sat vremena. Ne radimo zamjenu automobila.<\/p>\n","protected":false},"featured_media":1384,"template":"","meta":{"_et_pb_use_builder":"","_et_pb_old_content":"","_et_gb_content_width":"","inline_featured_image":false},"product_cat":[32],"product_tag":[],"class_list":["post-1383","product","type-product","status-publish","has-post-thumbnail","hentry","product_cat-prodato","pa_godina-25","pa_gorivo-dizel","pa_kilometraza-210","pa_model-45","pa_proizvodjac-peugeot","berocket_lgv_grid","berocket_lgv_list_grid"],"aioseo_notices":[],"_links":{"self":[{"href":"https:\/\/angels.ba\/cars\/wp-json\/wp\/v2\/product\/1383","targetHints":{"allow":["GET"]}}],"collection":[{"href":"https:\/\/angels.ba\/cars\/wp-json\/wp\/v2\/product"}],"about":[{"href":"https:\/\/angels.ba\/cars\/wp-json\/wp\/v2\/types\/product"}],"wp:featuredmedia":[{"embeddable":true,"href":"https:\/\/angels.ba\/cars\/wp-json\/wp\/v2\/media\/1384"}],"wp:attachment":[{"href":"https:\/\/angels.ba\/cars\/wp-json\/wp\/v2\/media?parent=1383"}],"wp:term":[{"taxonomy":"product_cat","embeddable":true,"href":"https:\/\/angels.ba\/cars\/wp-json\/wp\/v2\/product_cat?post=1383"},{"taxonomy":"product_tag","embeddable":true,"href":"https:\/\/angels.ba\/cars\/wp-json\/wp\/v2\/product_tag?post=1383"}],"curies":[{"name":"wp","href":"https:\/\/api.w.org\/{rel}","templated":true}]}}