{"id":1419,"date":"2021-03-05T14:58:48","date_gmt":"2021-03-05T13:58:48","guid":{"rendered":"https:\/\/angels.ba\/cars\/?post_type=product&#038;p=1419"},"modified":"2022-04-01T12:45:56","modified_gmt":"2022-04-01T10:45:56","slug":"audi-a6-2-0-matrix-f1-s-line-s-tronic-2016-g-138000km","status":"publish","type":"product","link":"https:\/\/angels.ba\/cars\/automobil\/audi-a6-2-0-matrix-f1-s-line-s-tronic-2016-g-138000km\/","title":{"rendered":"AUDI A6 2.0 MATRIX F1 S-LINE S-TRONIC 2016 138000km"},"content":{"rendered":"<ul>\n<li>Moonlight Blue Metallic boja<\/li>\n<li>F1 \u0161alta\u010d brzina<\/li>\n<\/ul>\n","protected":false},"excerpt":{"rendered":"<div class=\"artikal_detaljniopis_tekst\">1070,13 KM rata na 38 mjeseci-leasing<\/div>\n<div><\/div>\n<div class=\"artikal_detaljniopis_tekst\">ANGEL&#8217;S CARS garantuje kilometra\u017eu na\u0161ih vozila. Obezbje\u0111ujemo Raiffeisen leasing za koji odgovor dobijete za sat vremena. Ne radimo zamjenu automobila.<\/div>\n","protected":false},"featured_media":1422,"template":"","meta":{"_et_pb_use_builder":"","_et_pb_old_content":"","_et_gb_content_width":"","inline_featured_image":false},"product_cat":[32],"product_tag":[],"class_list":["post-1419","product","type-product","status-publish","has-post-thumbnail","hentry","product_cat-prodato","pa_godina-25","pa_gorivo-dizel","pa_kilometraza-211","pa_model-a6","pa_proizvodjac-audi","berocket_lgv_grid","berocket_lgv_list_grid"],"aioseo_notices":[],"_links":{"self":[{"href":"https:\/\/angels.ba\/cars\/wp-json\/wp\/v2\/product\/1419","targetHints":{"allow":["GET"]}}],"collection":[{"href":"https:\/\/angels.ba\/cars\/wp-json\/wp\/v2\/product"}],"about":[{"href":"https:\/\/angels.ba\/cars\/wp-json\/wp\/v2\/types\/product"}],"wp:featuredmedia":[{"embeddable":true,"href":"https:\/\/angels.ba\/cars\/wp-json\/wp\/v2\/media\/1422"}],"wp:attachment":[{"href":"https:\/\/angels.ba\/cars\/wp-json\/wp\/v2\/media?parent=1419"}],"wp:term":[{"taxonomy":"product_cat","embeddable":true,"href":"https:\/\/angels.ba\/cars\/wp-json\/wp\/v2\/product_cat?post=1419"},{"taxonomy":"product_tag","embeddable":true,"href":"https:\/\/angels.ba\/cars\/wp-json\/wp\/v2\/product_tag?post=1419"}],"curies":[{"name":"wp","href":"https:\/\/api.w.org\/{rel}","templated":true}]}}