{"id":1462,"date":"2021-04-24T21:16:16","date_gmt":"2021-04-24T19:16:16","guid":{"rendered":"https:\/\/angels.ba\/cars\/?post_type=product&#038;p=1462"},"modified":"2022-04-01T12:45:50","modified_gmt":"2022-04-01T10:45:50","slug":"citroen-c4-1-6-hdi-18-12-2014-g","status":"publish","type":"product","link":"https:\/\/angels.ba\/cars\/automobil\/citroen-c4-1-6-hdi-18-12-2014-g\/","title":{"rendered":"CITROEN C4 1.6 HDI 18.12.2014"},"content":{"rendered":"<div class=\"artikal_detaljniopis_tekst\">1. registracija 18.12.2014.g.<\/div>\n","protected":false},"excerpt":{"rendered":"<p>ANGEL&#8217;S CARS garantuje kilometra\u017eu na\u0161ih vozila. Obezbje\u0111ujemo Raiffeisen leasing za koji odgovor dobijete za sat vremena. Ne radimo zamjenu automobila.<\/p>\n","protected":false},"featured_media":1463,"template":"","meta":{"_et_pb_use_builder":"","_et_pb_old_content":"","_et_gb_content_width":"","inline_featured_image":false},"product_cat":[32],"product_tag":[],"class_list":["post-1462","product","type-product","status-publish","has-post-thumbnail","hentry","product_cat-prodato","pa_godina-40","pa_gorivo-dizel","pa_kilometraza-215","pa_model-c4","pa_proizvodjac-citroen","berocket_lgv_grid","berocket_lgv_list_grid"],"aioseo_notices":[],"_links":{"self":[{"href":"https:\/\/angels.ba\/cars\/wp-json\/wp\/v2\/product\/1462","targetHints":{"allow":["GET"]}}],"collection":[{"href":"https:\/\/angels.ba\/cars\/wp-json\/wp\/v2\/product"}],"about":[{"href":"https:\/\/angels.ba\/cars\/wp-json\/wp\/v2\/types\/product"}],"wp:featuredmedia":[{"embeddable":true,"href":"https:\/\/angels.ba\/cars\/wp-json\/wp\/v2\/media\/1463"}],"wp:attachment":[{"href":"https:\/\/angels.ba\/cars\/wp-json\/wp\/v2\/media?parent=1462"}],"wp:term":[{"taxonomy":"product_cat","embeddable":true,"href":"https:\/\/angels.ba\/cars\/wp-json\/wp\/v2\/product_cat?post=1462"},{"taxonomy":"product_tag","embeddable":true,"href":"https:\/\/angels.ba\/cars\/wp-json\/wp\/v2\/product_tag?post=1462"}],"curies":[{"name":"wp","href":"https:\/\/api.w.org\/{rel}","templated":true}]}}