{"id":1531,"date":"2021-05-12T14:37:25","date_gmt":"2021-05-12T12:37:25","guid":{"rendered":"https:\/\/angels.ba\/cars\/?post_type=product&#038;p=1531"},"modified":"2022-04-01T12:45:46","modified_gmt":"2022-04-01T10:45:46","slug":"peugeot-5008-2017-f1-virtual-1-6-7-sjedista","status":"publish","type":"product","link":"https:\/\/angels.ba\/cars\/automobil\/peugeot-5008-2017-f1-virtual-1-6-7-sjedista\/","title":{"rendered":"PEUGEOT 5008 F1 VIRTUAL 1.6 2017"},"content":{"rendered":"","protected":false},"excerpt":{"rendered":"<p>ANGEL&#8217;S CARS garantuje kilometra\u017eu na\u0161ih vozila. Obezbje\u0111ujemo Raiffeisen leasing za koji odgovor dobijete za sat vremena. Ne radimo zamjenu automobila.<\/p>\n","protected":false},"featured_media":1532,"template":"","meta":{"_et_pb_use_builder":"","_et_pb_old_content":"","_et_gb_content_width":"","inline_featured_image":false},"product_cat":[32],"product_tag":[],"class_list":["post-1531","product","type-product","status-publish","has-post-thumbnail","hentry","product_cat-prodato","pa_godina-103","pa_gorivo-dizel","pa_kilometraza-226","pa_model-227","pa_proizvodjac-peugeot","berocket_lgv_grid","berocket_lgv_list_grid"],"aioseo_notices":[],"_links":{"self":[{"href":"https:\/\/angels.ba\/cars\/wp-json\/wp\/v2\/product\/1531","targetHints":{"allow":["GET"]}}],"collection":[{"href":"https:\/\/angels.ba\/cars\/wp-json\/wp\/v2\/product"}],"about":[{"href":"https:\/\/angels.ba\/cars\/wp-json\/wp\/v2\/types\/product"}],"wp:featuredmedia":[{"embeddable":true,"href":"https:\/\/angels.ba\/cars\/wp-json\/wp\/v2\/media\/1532"}],"wp:attachment":[{"href":"https:\/\/angels.ba\/cars\/wp-json\/wp\/v2\/media?parent=1531"}],"wp:term":[{"taxonomy":"product_cat","embeddable":true,"href":"https:\/\/angels.ba\/cars\/wp-json\/wp\/v2\/product_cat?post=1531"},{"taxonomy":"product_tag","embeddable":true,"href":"https:\/\/angels.ba\/cars\/wp-json\/wp\/v2\/product_tag?post=1531"}],"curies":[{"name":"wp","href":"https:\/\/api.w.org\/{rel}","templated":true}]}}