{"id":1636,"date":"2021-07-14T10:48:33","date_gmt":"2021-07-14T08:48:33","guid":{"rendered":"https:\/\/angels.ba\/cars\/?post_type=product&#038;p=1636"},"modified":"2022-04-01T12:45:38","modified_gmt":"2022-04-01T10:45:38","slug":"skoda-octavia-1-6-tdi-85-kw14-09-2017-g","status":"publish","type":"product","link":"https:\/\/angels.ba\/cars\/automobil\/skoda-octavia-1-6-tdi-85-kw14-09-2017-g\/","title":{"rendered":"SKODA OCTAVIA 1.6 TDI 85 KW,14.09.2017"},"content":{"rendered":"","protected":false},"excerpt":{"rendered":"<p>ANGEL&#8217;S CARS garantuje kilometra\u017eu na\u0161ih vozila. Obezbje\u0111ujemo Raiffeisen leasing za koji odgovor dobijete za sat vremena. Ne radimo zamjenu automobila.<\/p>\n","protected":false},"featured_media":1637,"template":"","meta":{"_et_pb_use_builder":"","_et_pb_old_content":"","_et_gb_content_width":"","inline_featured_image":false},"product_cat":[32],"product_tag":[],"class_list":["post-1636","product","type-product","status-publish","has-post-thumbnail","hentry","product_cat-prodato","pa_godina-103","pa_gorivo-dizel","pa_kilometraza-232","pa_model-octavia","pa_proizvodjac-skoda","berocket_lgv_grid","berocket_lgv_list_grid"],"aioseo_notices":[],"_links":{"self":[{"href":"https:\/\/angels.ba\/cars\/wp-json\/wp\/v2\/product\/1636","targetHints":{"allow":["GET"]}}],"collection":[{"href":"https:\/\/angels.ba\/cars\/wp-json\/wp\/v2\/product"}],"about":[{"href":"https:\/\/angels.ba\/cars\/wp-json\/wp\/v2\/types\/product"}],"wp:featuredmedia":[{"embeddable":true,"href":"https:\/\/angels.ba\/cars\/wp-json\/wp\/v2\/media\/1637"}],"wp:attachment":[{"href":"https:\/\/angels.ba\/cars\/wp-json\/wp\/v2\/media?parent=1636"}],"wp:term":[{"taxonomy":"product_cat","embeddable":true,"href":"https:\/\/angels.ba\/cars\/wp-json\/wp\/v2\/product_cat?post=1636"},{"taxonomy":"product_tag","embeddable":true,"href":"https:\/\/angels.ba\/cars\/wp-json\/wp\/v2\/product_tag?post=1636"}],"curies":[{"name":"wp","href":"https:\/\/api.w.org\/{rel}","templated":true}]}}