{"id":1679,"date":"2021-07-22T23:52:32","date_gmt":"2021-07-22T21:52:32","guid":{"rendered":"https:\/\/angels.ba\/cars\/?post_type=product&#038;p=1679"},"modified":"2022-04-01T12:45:34","modified_gmt":"2022-04-01T10:45:34","slug":"peugeot-3008-f1-virtual","status":"publish","type":"product","link":"https:\/\/angels.ba\/cars\/automobil\/peugeot-3008-f1-virtual\/","title":{"rendered":"PEUGEOT 3008 F1 VIRTUAL 2016"},"content":{"rendered":"","protected":false},"excerpt":{"rendered":"<p>ANGEL&#8217;S CARS garantuje kilometra\u017eu na\u0161ih vozila. Obezbje\u0111ujemo Raiffeisen leasing za koji odgovor dobijete za sat vremena. Ne radimo zamjenu automobila.<\/p>\n","protected":false},"featured_media":1680,"template":"","meta":{"_et_pb_use_builder":"","_et_pb_old_content":"","_et_gb_content_width":"","inline_featured_image":false},"product_cat":[32],"product_tag":[],"class_list":["post-1679","product","type-product","status-publish","has-post-thumbnail","hentry","product_cat-prodato","pa_godina-25","pa_gorivo-dizel","pa_kilometraza-232","pa_model-105","pa_proizvodjac-peugeot","berocket_lgv_grid","berocket_lgv_list_grid"],"aioseo_notices":[],"_links":{"self":[{"href":"https:\/\/angels.ba\/cars\/wp-json\/wp\/v2\/product\/1679","targetHints":{"allow":["GET"]}}],"collection":[{"href":"https:\/\/angels.ba\/cars\/wp-json\/wp\/v2\/product"}],"about":[{"href":"https:\/\/angels.ba\/cars\/wp-json\/wp\/v2\/types\/product"}],"wp:featuredmedia":[{"embeddable":true,"href":"https:\/\/angels.ba\/cars\/wp-json\/wp\/v2\/media\/1680"}],"wp:attachment":[{"href":"https:\/\/angels.ba\/cars\/wp-json\/wp\/v2\/media?parent=1679"}],"wp:term":[{"taxonomy":"product_cat","embeddable":true,"href":"https:\/\/angels.ba\/cars\/wp-json\/wp\/v2\/product_cat?post=1679"},{"taxonomy":"product_tag","embeddable":true,"href":"https:\/\/angels.ba\/cars\/wp-json\/wp\/v2\/product_tag?post=1679"}],"curies":[{"name":"wp","href":"https:\/\/api.w.org\/{rel}","templated":true}]}}