{"id":1714,"date":"2021-08-07T23:28:37","date_gmt":"2021-08-07T21:28:37","guid":{"rendered":"https:\/\/angels.ba\/cars\/?post_type=product&#038;p=1714"},"modified":"2022-04-01T12:45:30","modified_gmt":"2022-04-01T10:45:30","slug":"tiguan-matrix-f1-webasto-r-individual-2017-g","status":"publish","type":"product","link":"https:\/\/angels.ba\/cars\/automobil\/tiguan-matrix-f1-webasto-r-individual-2017-g\/","title":{"rendered":"TIGUAN MATRIX F1 WEBASTO R INDIVIDUAL 2017"},"content":{"rendered":"","protected":false},"excerpt":{"rendered":"<p>ANGEL&#8217;S CARS garantuje kilometra\u017eu na\u0161ih vozila. Obezbje\u0111ujemo Raiffeisen leasing za koji odgovor dobijete za sat vremena. Ne radimo zamjenu automobila.<\/p>\n","protected":false},"featured_media":1715,"template":"","meta":{"_et_pb_use_builder":"","_et_pb_old_content":"","_et_gb_content_width":"","inline_featured_image":false},"product_cat":[32],"product_tag":[],"class_list":["post-1714","product","type-product","status-publish","has-post-thumbnail","hentry","product_cat-prodato","pa_godina-103","pa_gorivo-dizel","pa_kilometraza-234","pa_model-tiguan","pa_proizvodjac-volkswagen","berocket_lgv_grid","berocket_lgv_list_grid"],"aioseo_notices":[],"_links":{"self":[{"href":"https:\/\/angels.ba\/cars\/wp-json\/wp\/v2\/product\/1714","targetHints":{"allow":["GET"]}}],"collection":[{"href":"https:\/\/angels.ba\/cars\/wp-json\/wp\/v2\/product"}],"about":[{"href":"https:\/\/angels.ba\/cars\/wp-json\/wp\/v2\/types\/product"}],"wp:featuredmedia":[{"embeddable":true,"href":"https:\/\/angels.ba\/cars\/wp-json\/wp\/v2\/media\/1715"}],"wp:attachment":[{"href":"https:\/\/angels.ba\/cars\/wp-json\/wp\/v2\/media?parent=1714"}],"wp:term":[{"taxonomy":"product_cat","embeddable":true,"href":"https:\/\/angels.ba\/cars\/wp-json\/wp\/v2\/product_cat?post=1714"},{"taxonomy":"product_tag","embeddable":true,"href":"https:\/\/angels.ba\/cars\/wp-json\/wp\/v2\/product_tag?post=1714"}],"curies":[{"name":"wp","href":"https:\/\/api.w.org\/{rel}","templated":true}]}}