{"id":1772,"date":"2021-09-09T17:51:46","date_gmt":"2021-09-09T15:51:46","guid":{"rendered":"https:\/\/angels.ba\/cars\/?post_type=product&#038;p=1772"},"modified":"2022-04-21T13:29:26","modified_gmt":"2022-04-21T11:29:26","slug":"passat-8-2-0-tdi-f1-dsg-full-led-2015-g","status":"publish","type":"product","link":"https:\/\/angels.ba\/cars\/automobil\/passat-8-2-0-tdi-f1-dsg-full-led-2015-g\/","title":{"rendered":"PASSAT 8 2.0 TDI F1 DSG FULL LED 2015"},"content":{"rendered":"","protected":false},"excerpt":{"rendered":"<p>ANGEL&#8217;S CARS garantuje kilometra\u017eu na\u0161ih vozila. Obezbje\u0111ujemo Raiffeisen leasing za koji odgovor dobijete za sat vremena. Ne radimo zamjenu automobila.<\/p>\n","protected":false},"featured_media":1773,"template":"","meta":{"_et_pb_use_builder":"","_et_pb_old_content":"","_et_gb_content_width":"","inline_featured_image":false},"product_cat":[32],"product_tag":[],"class_list":["post-1772","product","type-product","status-publish","has-post-thumbnail","hentry","product_cat-prodato","pa_godina-17","pa_gorivo-dizel","pa_kilometraza-238","pa_model-passat","pa_proizvodjac-volkswagen","berocket_lgv_grid","berocket_lgv_list_grid"],"aioseo_notices":[],"_links":{"self":[{"href":"https:\/\/angels.ba\/cars\/wp-json\/wp\/v2\/product\/1772","targetHints":{"allow":["GET"]}}],"collection":[{"href":"https:\/\/angels.ba\/cars\/wp-json\/wp\/v2\/product"}],"about":[{"href":"https:\/\/angels.ba\/cars\/wp-json\/wp\/v2\/types\/product"}],"wp:featuredmedia":[{"embeddable":true,"href":"https:\/\/angels.ba\/cars\/wp-json\/wp\/v2\/media\/1773"}],"wp:attachment":[{"href":"https:\/\/angels.ba\/cars\/wp-json\/wp\/v2\/media?parent=1772"}],"wp:term":[{"taxonomy":"product_cat","embeddable":true,"href":"https:\/\/angels.ba\/cars\/wp-json\/wp\/v2\/product_cat?post=1772"},{"taxonomy":"product_tag","embeddable":true,"href":"https:\/\/angels.ba\/cars\/wp-json\/wp\/v2\/product_tag?post=1772"}],"curies":[{"name":"wp","href":"https:\/\/api.w.org\/{rel}","templated":true}]}}