{"id":2147,"date":"2022-07-02T23:17:04","date_gmt":"2022-07-02T21:17:04","guid":{"rendered":"https:\/\/angels.ba\/cars\/?post_type=product&#038;p=2147"},"modified":"2022-07-02T23:17:04","modified_gmt":"2022-07-02T21:17:04","slug":"renault-scenic-xmod-1-5-dci-2015","status":"publish","type":"product","link":"https:\/\/angels.ba\/cars\/automobil\/renault-scenic-xmod-1-5-dci-2015\/","title":{"rendered":"RENAULT SCENIC XMOD 1.5 dCi 2015"},"content":{"rendered":"","protected":false},"excerpt":{"rendered":"<p>ANGEL&#8217;S CARS garantuje kilometra\u017eu na\u0161ih vozila. Obezbje\u0111ujemo Raiffeisen leasing za koji odgovor dobijete za sat vremena. Ne radimo zamjenu automobila.<\/p>\n","protected":false},"featured_media":2148,"template":"","meta":{"_et_pb_use_builder":"","_et_pb_old_content":"","_et_gb_content_width":"","inline_featured_image":false},"product_cat":[30],"product_tag":[],"class_list":["post-2147","product","type-product","status-publish","has-post-thumbnail","hentry","product_cat-u-ponudi","pa_godina-17","pa_gorivo-dizel","pa_kilometraza-262","pa_model-scenic","pa_proizvodjac-renault","berocket_lgv_grid","berocket_lgv_list_grid"],"aioseo_notices":[],"_links":{"self":[{"href":"https:\/\/angels.ba\/cars\/wp-json\/wp\/v2\/product\/2147","targetHints":{"allow":["GET"]}}],"collection":[{"href":"https:\/\/angels.ba\/cars\/wp-json\/wp\/v2\/product"}],"about":[{"href":"https:\/\/angels.ba\/cars\/wp-json\/wp\/v2\/types\/product"}],"wp:featuredmedia":[{"embeddable":true,"href":"https:\/\/angels.ba\/cars\/wp-json\/wp\/v2\/media\/2148"}],"wp:attachment":[{"href":"https:\/\/angels.ba\/cars\/wp-json\/wp\/v2\/media?parent=2147"}],"wp:term":[{"taxonomy":"product_cat","embeddable":true,"href":"https:\/\/angels.ba\/cars\/wp-json\/wp\/v2\/product_cat?post=2147"},{"taxonomy":"product_tag","embeddable":true,"href":"https:\/\/angels.ba\/cars\/wp-json\/wp\/v2\/product_tag?post=2147"}],"curies":[{"name":"wp","href":"https:\/\/api.w.org\/{rel}","templated":true}]}}