{"id":2183,"date":"2022-08-15T18:26:33","date_gmt":"2022-08-15T16:26:33","guid":{"rendered":"https:\/\/angels.ba\/cars\/?post_type=product&#038;p=2183"},"modified":"2022-10-02T22:22:39","modified_gmt":"2022-10-02T20:22:39","slug":"passat-8-2-0-tdi-full-led-2017","status":"publish","type":"product","link":"https:\/\/angels.ba\/cars\/automobil\/passat-8-2-0-tdi-full-led-2017\/","title":{"rendered":"PASSAT 8 2.0 TDI FULL LED 09.11.2017"},"content":{"rendered":"","protected":false},"excerpt":{"rendered":"<p>ANGEL&#8217;S CARS garantuje kilometra\u017eu na\u0161ih vozila. Obezbje\u0111ujemo Raiffeisen leasing za koji odgovor dobijete za sat vremena. Ne radimo zamjenu automobila.<\/p>\n","protected":false},"featured_media":2184,"template":"","meta":{"_et_pb_use_builder":"","_et_pb_old_content":"","_et_gb_content_width":"","inline_featured_image":false},"product_cat":[32],"product_tag":[],"class_list":["post-2183","product","type-product","status-publish","has-post-thumbnail","hentry","product_cat-prodato","pa_godina-103","pa_gorivo-dizel","pa_kilometraza-265","pa_model-passat","pa_proizvodjac-volkswagen","berocket_lgv_grid","berocket_lgv_list_grid"],"aioseo_notices":[],"_links":{"self":[{"href":"https:\/\/angels.ba\/cars\/wp-json\/wp\/v2\/product\/2183","targetHints":{"allow":["GET"]}}],"collection":[{"href":"https:\/\/angels.ba\/cars\/wp-json\/wp\/v2\/product"}],"about":[{"href":"https:\/\/angels.ba\/cars\/wp-json\/wp\/v2\/types\/product"}],"wp:featuredmedia":[{"embeddable":true,"href":"https:\/\/angels.ba\/cars\/wp-json\/wp\/v2\/media\/2184"}],"wp:attachment":[{"href":"https:\/\/angels.ba\/cars\/wp-json\/wp\/v2\/media?parent=2183"}],"wp:term":[{"taxonomy":"product_cat","embeddable":true,"href":"https:\/\/angels.ba\/cars\/wp-json\/wp\/v2\/product_cat?post=2183"},{"taxonomy":"product_tag","embeddable":true,"href":"https:\/\/angels.ba\/cars\/wp-json\/wp\/v2\/product_tag?post=2183"}],"curies":[{"name":"wp","href":"https:\/\/api.w.org\/{rel}","templated":true}]}}