{"id":2255,"date":"2022-11-05T19:45:32","date_gmt":"2022-11-05T18:45:32","guid":{"rendered":"https:\/\/angels.ba\/cars\/?post_type=product&#038;p=2255"},"modified":"2023-03-23T14:49:35","modified_gmt":"2023-03-23T13:49:35","slug":"skoda-octavia-1-6-tdi","status":"publish","type":"product","link":"https:\/\/angels.ba\/cars\/automobil\/skoda-octavia-1-6-tdi\/","title":{"rendered":"SKODA OCTAVIA 1.6 TDI 2015"},"content":{"rendered":"","protected":false},"excerpt":{"rendered":"<p>ANGEL&#8217;S CARS garantuje kilometra\u017eu na\u0161ih vozila. Obezbje\u0111ujemo Raiffeisen leasing za koji odgovor dobijete za sat vremena. Ne radimo zamjenu automobila.<\/p>\n","protected":false},"featured_media":2256,"template":"","meta":{"_et_pb_use_builder":"","_et_pb_old_content":"","_et_gb_content_width":"","inline_featured_image":false},"product_cat":[32],"product_tag":[],"class_list":["post-2255","product","type-product","status-publish","has-post-thumbnail","hentry","product_cat-prodato","pa_godina-17","pa_gorivo-dizel","pa_kilometraza-270","pa_model-octavia","pa_proizvodjac-skoda","berocket_lgv_grid","berocket_lgv_list_grid"],"aioseo_notices":[],"_links":{"self":[{"href":"https:\/\/angels.ba\/cars\/wp-json\/wp\/v2\/product\/2255","targetHints":{"allow":["GET"]}}],"collection":[{"href":"https:\/\/angels.ba\/cars\/wp-json\/wp\/v2\/product"}],"about":[{"href":"https:\/\/angels.ba\/cars\/wp-json\/wp\/v2\/types\/product"}],"wp:featuredmedia":[{"embeddable":true,"href":"https:\/\/angels.ba\/cars\/wp-json\/wp\/v2\/media\/2256"}],"wp:attachment":[{"href":"https:\/\/angels.ba\/cars\/wp-json\/wp\/v2\/media?parent=2255"}],"wp:term":[{"taxonomy":"product_cat","embeddable":true,"href":"https:\/\/angels.ba\/cars\/wp-json\/wp\/v2\/product_cat?post=2255"},{"taxonomy":"product_tag","embeddable":true,"href":"https:\/\/angels.ba\/cars\/wp-json\/wp\/v2\/product_tag?post=2255"}],"curies":[{"name":"wp","href":"https:\/\/api.w.org\/{rel}","templated":true}]}}