{"id":2301,"date":"2023-07-06T20:25:14","date_gmt":"2023-07-06T18:25:14","guid":{"rendered":"https:\/\/angels.ba\/cars\/?post_type=product&#038;p=2301"},"modified":"2024-12-14T18:25:57","modified_gmt":"2024-12-14T17:25:57","slug":"peugeot-508-virtual-allure-sport-2019","status":"publish","type":"product","link":"https:\/\/angels.ba\/cars\/automobil\/peugeot-508-virtual-allure-sport-2019\/","title":{"rendered":"PEUGEOT 508 VIRTUAL ALLURE SPORT 2019"},"content":{"rendered":"","protected":false},"excerpt":{"rendered":"<p>ANGEL&#8217;S CARS garantuje kilometra\u017eu na\u0161ih vozila. Obezbje\u0111ujemo Raiffeisen leasing za koji odgovor dobijete za sat vremena. Ne radimo zamjenu automobila.<\/p>\n","protected":false},"featured_media":2303,"template":"","meta":{"_et_pb_use_builder":"","_et_pb_old_content":"","_et_gb_content_width":"","inline_featured_image":false},"product_cat":[30],"product_tag":[],"class_list":["post-2301","product","type-product","status-publish","has-post-thumbnail","hentry","product_cat-u-ponudi","pa_godina-24","pa_gorivo-dizel","pa_kilometraza-272","pa_model-45","pa_proizvodjac-peugeot","berocket_lgv_grid","berocket_lgv_list_grid"],"aioseo_notices":[],"_links":{"self":[{"href":"https:\/\/angels.ba\/cars\/wp-json\/wp\/v2\/product\/2301","targetHints":{"allow":["GET"]}}],"collection":[{"href":"https:\/\/angels.ba\/cars\/wp-json\/wp\/v2\/product"}],"about":[{"href":"https:\/\/angels.ba\/cars\/wp-json\/wp\/v2\/types\/product"}],"wp:featuredmedia":[{"embeddable":true,"href":"https:\/\/angels.ba\/cars\/wp-json\/wp\/v2\/media\/2303"}],"wp:attachment":[{"href":"https:\/\/angels.ba\/cars\/wp-json\/wp\/v2\/media?parent=2301"}],"wp:term":[{"taxonomy":"product_cat","embeddable":true,"href":"https:\/\/angels.ba\/cars\/wp-json\/wp\/v2\/product_cat?post=2301"},{"taxonomy":"product_tag","embeddable":true,"href":"https:\/\/angels.ba\/cars\/wp-json\/wp\/v2\/product_tag?post=2301"}],"curies":[{"name":"wp","href":"https:\/\/api.w.org\/{rel}","templated":true}]}}