{"id":260,"date":"2019-09-01T14:06:04","date_gmt":"2019-09-01T12:06:04","guid":{"rendered":"https:\/\/angels.ba\/cars\/?post_type=product&#038;p=260"},"modified":"2022-04-01T12:51:29","modified_gmt":"2022-04-01T10:51:29","slug":"audi-a3-sportback-1-6-tdi-ultra-full-led-2015","status":"publish","type":"product","link":"https:\/\/angels.ba\/cars\/automobil\/audi-a3-sportback-1-6-tdi-ultra-full-led-2015\/","title":{"rendered":"AUDI A3 SPORTBACK 1.6 TDI Ultra, Full LED 2015"},"content":{"rendered":"","protected":false},"excerpt":{"rendered":"<p>479,29 KM rata na 48 mjeseci-leasing<\/p>\n<p>ANGEL&#8217;S CARS garantuje kilometra\u017eu na\u0161ih vozila. Obezbje\u0111ujemo Raiffeisen leasing za koji odgovor dobijete za sat vremena. Ne radimo zamjenu automobila.<\/p>\n","protected":false},"featured_media":261,"template":"","meta":{"_et_pb_use_builder":"","_et_pb_old_content":"","_et_gb_content_width":"","inline_featured_image":false},"product_cat":[32],"product_tag":[],"class_list":["post-260","product","type-product","status-publish","has-post-thumbnail","hentry","product_cat-prodato","pa_godina-17","pa_gorivo-dizel","pa_kilometraza-50","pa_model-a3","pa_proizvodjac-audi","berocket_lgv_grid","berocket_lgv_list_grid"],"aioseo_notices":[],"_links":{"self":[{"href":"https:\/\/angels.ba\/cars\/wp-json\/wp\/v2\/product\/260","targetHints":{"allow":["GET"]}}],"collection":[{"href":"https:\/\/angels.ba\/cars\/wp-json\/wp\/v2\/product"}],"about":[{"href":"https:\/\/angels.ba\/cars\/wp-json\/wp\/v2\/types\/product"}],"wp:featuredmedia":[{"embeddable":true,"href":"https:\/\/angels.ba\/cars\/wp-json\/wp\/v2\/media\/261"}],"wp:attachment":[{"href":"https:\/\/angels.ba\/cars\/wp-json\/wp\/v2\/media?parent=260"}],"wp:term":[{"taxonomy":"product_cat","embeddable":true,"href":"https:\/\/angels.ba\/cars\/wp-json\/wp\/v2\/product_cat?post=260"},{"taxonomy":"product_tag","embeddable":true,"href":"https:\/\/angels.ba\/cars\/wp-json\/wp\/v2\/product_tag?post=260"}],"curies":[{"name":"wp","href":"https:\/\/api.w.org\/{rel}","templated":true}]}}