{"id":491,"date":"2020-02-25T22:52:56","date_gmt":"2020-02-25T21:52:56","guid":{"rendered":"https:\/\/angels.ba\/cars\/?post_type=product&#038;p=491"},"modified":"2022-04-01T12:51:23","modified_gmt":"2022-04-01T10:51:23","slug":"peugeot-3008-1-6-hdi-allure-f1-2017-g","status":"publish","type":"product","link":"https:\/\/angels.ba\/cars\/automobil\/peugeot-3008-1-6-hdi-allure-f1-2017-g\/","title":{"rendered":"PEUGEOT 3008 1.6 HDi Allure F1 2017"},"content":{"rendered":"<p>Izuzetno vozilo!<br \/>\nF1 \u0161alta\u010d brzina na volanu<br \/>\nKontrola vozne trake\/upozorenje na prelazak bijele linije<br \/>\nBoja plava koja se mijenja zavisno od inteziteta svjetlosti i jo\u0161 mnogo opreme.<\/p>\n","protected":false},"excerpt":{"rendered":"<div class=\"desno\">\n<div class=\"artikal_detaljniopis_tekst\">722,09 KM rata na 48 mjeseci-leasing<\/div>\n<\/div>\n<div><\/div>\n<div><\/div>\n<div class=\"desno\">\n<div class=\"artikal_detaljniopis_tekst\">ANGEL&#8217;S CARS garantuje kilometra\u017eu na\u0161ih vozila. Obezbje\u0111ujemo Raiffeisen leasing za koji odgovor dobijete za sat vremena. Ne radimo zamjenu automobila.<\/div>\n<\/div>\n","protected":false},"featured_media":492,"template":"","meta":{"_et_pb_use_builder":"","_et_pb_old_content":"","_et_gb_content_width":"","inline_featured_image":false},"product_cat":[32],"product_tag":[],"class_list":["post-491","product","type-product","status-publish","has-post-thumbnail","hentry","product_cat-prodato","pa_godina-103","pa_gorivo-dizel","pa_kilometraza-104","pa_model-105","pa_proizvodjac-peugeot","berocket_lgv_grid","berocket_lgv_list_grid"],"aioseo_notices":[],"_links":{"self":[{"href":"https:\/\/angels.ba\/cars\/wp-json\/wp\/v2\/product\/491","targetHints":{"allow":["GET"]}}],"collection":[{"href":"https:\/\/angels.ba\/cars\/wp-json\/wp\/v2\/product"}],"about":[{"href":"https:\/\/angels.ba\/cars\/wp-json\/wp\/v2\/types\/product"}],"wp:featuredmedia":[{"embeddable":true,"href":"https:\/\/angels.ba\/cars\/wp-json\/wp\/v2\/media\/492"}],"wp:attachment":[{"href":"https:\/\/angels.ba\/cars\/wp-json\/wp\/v2\/media?parent=491"}],"wp:term":[{"taxonomy":"product_cat","embeddable":true,"href":"https:\/\/angels.ba\/cars\/wp-json\/wp\/v2\/product_cat?post=491"},{"taxonomy":"product_tag","embeddable":true,"href":"https:\/\/angels.ba\/cars\/wp-json\/wp\/v2\/product_tag?post=491"}],"curies":[{"name":"wp","href":"https:\/\/api.w.org\/{rel}","templated":true}]}}