{"id":574,"date":"2020-05-23T19:00:54","date_gmt":"2020-05-23T17:00:54","guid":{"rendered":"https:\/\/angels.ba\/cars\/?post_type=product&#038;p=574"},"modified":"2022-04-01T12:50:58","modified_gmt":"2022-04-01T10:50:58","slug":"dacia-duster-4wd-2014-g","status":"publish","type":"product","link":"https:\/\/angels.ba\/cars\/automobil\/dacia-duster-4wd-2014-g\/","title":{"rendered":"DACIA DUSTER 4WD 2014"},"content":{"rendered":"","protected":false},"excerpt":{"rendered":"<p>Izuzetno vozilo sa malom kilometra\u017eom.<\/p>\n<p>ANGEL&#8217;S CARS garantuje kilometra\u017eu na\u0161ih vozila. Obezbje\u0111ujemo Raiffeisen leasing za koji odgovor dobijete za sat vremena. Ne radimo zamjenu automobila.<\/p>\n","protected":false},"featured_media":575,"template":"","meta":{"_et_pb_use_builder":"","_et_pb_old_content":"","_et_gb_content_width":"","inline_featured_image":false},"product_cat":[32],"product_tag":[],"class_list":["post-574","product","type-product","status-publish","has-post-thumbnail","hentry","product_cat-prodato","pa_godina-40","pa_gorivo-dizel","pa_kilometraza-115","pa_model-duster","pa_proizvodjac-dacia","berocket_lgv_grid","berocket_lgv_list_grid"],"aioseo_notices":[],"_links":{"self":[{"href":"https:\/\/angels.ba\/cars\/wp-json\/wp\/v2\/product\/574","targetHints":{"allow":["GET"]}}],"collection":[{"href":"https:\/\/angels.ba\/cars\/wp-json\/wp\/v2\/product"}],"about":[{"href":"https:\/\/angels.ba\/cars\/wp-json\/wp\/v2\/types\/product"}],"wp:featuredmedia":[{"embeddable":true,"href":"https:\/\/angels.ba\/cars\/wp-json\/wp\/v2\/media\/575"}],"wp:attachment":[{"href":"https:\/\/angels.ba\/cars\/wp-json\/wp\/v2\/media?parent=574"}],"wp:term":[{"taxonomy":"product_cat","embeddable":true,"href":"https:\/\/angels.ba\/cars\/wp-json\/wp\/v2\/product_cat?post=574"},{"taxonomy":"product_tag","embeddable":true,"href":"https:\/\/angels.ba\/cars\/wp-json\/wp\/v2\/product_tag?post=574"}],"curies":[{"name":"wp","href":"https:\/\/api.w.org\/{rel}","templated":true}]}}