{"id":688,"date":"2020-05-24T00:08:13","date_gmt":"2020-05-23T22:08:13","guid":{"rendered":"https:\/\/angels.ba\/cars\/?post_type=product&#038;p=688"},"modified":"2022-04-01T12:49:18","modified_gmt":"2022-04-01T10:49:18","slug":"renault-clio-1-5-dci-2015-g","status":"publish","type":"product","link":"https:\/\/angels.ba\/cars\/automobil\/renault-clio-1-5-dci-2015-g\/","title":{"rendered":"RENAULT CLIO 1.5 DCI 2015"},"content":{"rendered":"","protected":false},"excerpt":{"rendered":"<p>325,75 KM rata na 36 mjeseci-leasing<\/p>\n<p>ANGEL&#8217;S CARS garantuje kilometra\u017eu na\u0161ih vozila. Obezbje\u0111ujemo Raiffeisen leasing za koji odgovor dobijete za sat vremena. Ne radimo zamjenu automobila.<\/p>\n","protected":false},"featured_media":689,"template":"","meta":{"_et_pb_use_builder":"","_et_pb_old_content":"","_et_gb_content_width":"","inline_featured_image":false},"product_cat":[32],"product_tag":[],"class_list":["post-688","product","type-product","status-publish","has-post-thumbnail","hentry","product_cat-prodato","pa_godina-17","pa_gorivo-dizel","pa_kilometraza-129","pa_model-clio","pa_proizvodjac-renault","berocket_lgv_grid","berocket_lgv_list_grid"],"aioseo_notices":[],"_links":{"self":[{"href":"https:\/\/angels.ba\/cars\/wp-json\/wp\/v2\/product\/688","targetHints":{"allow":["GET"]}}],"collection":[{"href":"https:\/\/angels.ba\/cars\/wp-json\/wp\/v2\/product"}],"about":[{"href":"https:\/\/angels.ba\/cars\/wp-json\/wp\/v2\/types\/product"}],"wp:featuredmedia":[{"embeddable":true,"href":"https:\/\/angels.ba\/cars\/wp-json\/wp\/v2\/media\/689"}],"wp:attachment":[{"href":"https:\/\/angels.ba\/cars\/wp-json\/wp\/v2\/media?parent=688"}],"wp:term":[{"taxonomy":"product_cat","embeddable":true,"href":"https:\/\/angels.ba\/cars\/wp-json\/wp\/v2\/product_cat?post=688"},{"taxonomy":"product_tag","embeddable":true,"href":"https:\/\/angels.ba\/cars\/wp-json\/wp\/v2\/product_tag?post=688"}],"curies":[{"name":"wp","href":"https:\/\/api.w.org\/{rel}","templated":true}]}}