{"id":701,"date":"2020-05-24T00:21:19","date_gmt":"2020-05-23T22:21:19","guid":{"rendered":"https:\/\/angels.ba\/cars\/?post_type=product&#038;p=701"},"modified":"2022-04-01T12:49:33","modified_gmt":"2022-04-01T10:49:33","slug":"skoda-octavia-2013-g","status":"publish","type":"product","link":"https:\/\/angels.ba\/cars\/automobil\/skoda-octavia-2013-g\/","title":{"rendered":"SKODA OCTAVIA 2013"},"content":{"rendered":"<p>Vozilo posjeduje maksimalnu dodatnu opremu, kao i be\u017ei\u010dno punjene mobilnog telefona i euro kuku.<\/p>\n","protected":false},"excerpt":{"rendered":"<p>ANGEL&#8217;S CARS garantuje kilometra\u017eu na\u0161ih vozila. Obezbje\u0111ujemo Raiffeisen leasing za koji odgovor dobijete za sat vremena. Ne radimo zamjenu automobila.<\/p>\n","protected":false},"featured_media":702,"template":"","meta":{"_et_pb_use_builder":"","_et_pb_old_content":"","_et_gb_content_width":"","inline_featured_image":false},"product_cat":[32],"product_tag":[],"class_list":["post-701","product","type-product","status-publish","has-post-thumbnail","hentry","product_cat-prodato","pa_godina-130","pa_gorivo-dizel","pa_kilometraza-131","pa_model-octavia","pa_proizvodjac-skoda","berocket_lgv_grid","berocket_lgv_list_grid"],"aioseo_notices":[],"_links":{"self":[{"href":"https:\/\/angels.ba\/cars\/wp-json\/wp\/v2\/product\/701","targetHints":{"allow":["GET"]}}],"collection":[{"href":"https:\/\/angels.ba\/cars\/wp-json\/wp\/v2\/product"}],"about":[{"href":"https:\/\/angels.ba\/cars\/wp-json\/wp\/v2\/types\/product"}],"wp:featuredmedia":[{"embeddable":true,"href":"https:\/\/angels.ba\/cars\/wp-json\/wp\/v2\/media\/702"}],"wp:attachment":[{"href":"https:\/\/angels.ba\/cars\/wp-json\/wp\/v2\/media?parent=701"}],"wp:term":[{"taxonomy":"product_cat","embeddable":true,"href":"https:\/\/angels.ba\/cars\/wp-json\/wp\/v2\/product_cat?post=701"},{"taxonomy":"product_tag","embeddable":true,"href":"https:\/\/angels.ba\/cars\/wp-json\/wp\/v2\/product_tag?post=701"}],"curies":[{"name":"wp","href":"https:\/\/api.w.org\/{rel}","templated":true}]}}