{"id":759,"date":"2020-05-24T14:09:08","date_gmt":"2020-05-24T12:09:08","guid":{"rendered":"https:\/\/angels.ba\/cars\/?post_type=product&#038;p=759"},"modified":"2022-04-01T12:50:20","modified_gmt":"2022-04-01T10:50:20","slug":"volkswagen-t-roc-2019-g","status":"publish","type":"product","link":"https:\/\/angels.ba\/cars\/automobil\/volkswagen-t-roc-2019-g\/","title":{"rendered":"VOLKSWAGEN T-ROC 2019"},"content":{"rendered":"<p>Vozilo sa maksimalnom opremom, te posjeduje dodatni set novih aluminijskih felgi na kojima su nove zimske gume.<br \/>\nPosjeduje i mnogobrojne sisteme za pomo\u0107 voza\u010du, samostalno prati bijele linije i vr\u0161i korekciju putanje.<\/p>\n<ul>\n<li>Multi color Active Info Display &#8211; digitalna instrument tabla sa mogu\u010dno\u0161\u0107u pode\u0161avanja razli\u010ditih informacijskih profila<\/li>\n<li>Design paket: Sistem upozorenja voza\u010da, bijelo ambijentalno osvjetljenje, branici sa silver metallic donjom oblogom, donje bo\u010dne letvice na pragovima u hromu, LED rasvjeta u unutra\u0161njosti (kod otvorenih vrata i rasvjeta u prostoru nogu) i osvijetljena make-up ogledala u \u0161titnicima za sunce naprijed (dostupno samo uz dvobojno lakiranje i min. 17&#8243; alu to\u010dkove)<\/li>\n<li>\u00a0Sredi\u0161nji naslon za ruke naprijed<\/li>\n<li>\u00a0Uzdu\u017eni krovni nosa\u010di<\/li>\n<li>\u00a0ACC adaptivni tempomat za brzinu do 210 km\/h uklj. &#8220;Front Assist&#8221; i autonomni City Emergency Braking sistem (za man. mjenja\u010d od 30-210 km\/h)<\/li>\n<li>Adaptivna kontrola podvozja DCC sa progresivnim upravlja\u010dem uklj. Driving Mode Selection<\/li>\n<\/ul>\n<p>Vozilo je kasko osigurano,<\/p>\n","protected":false},"excerpt":{"rendered":"<div class=\"artikal_detaljniopis_tekst\">Vozilo personalizovano po \u017eelji kupca.<\/div>\n<div><\/div>\n<div><\/div>\n<div>ANGEL&#8217;S CARS garantuje kilometra\u017eu na\u0161ih vozila. Obezbje\u0111ujemo Raiffeisen leasing za koji odgovor dobijete za sat vremena. Ne radimo zamjenu automobila.<\/div>\n","protected":false},"featured_media":782,"template":"","meta":{"_et_pb_use_builder":"","_et_pb_old_content":"","_et_gb_content_width":"","inline_featured_image":false},"product_cat":[32],"product_tag":[],"class_list":["post-759","product","type-product","status-publish","has-post-thumbnail","hentry","product_cat-prodato","pa_godina-24","pa_gorivo-benzin","pa_kilometraza-134","pa_model-t-roc","pa_proizvodjac-volkswagen","berocket_lgv_grid","berocket_lgv_list_grid"],"aioseo_notices":[],"_links":{"self":[{"href":"https:\/\/angels.ba\/cars\/wp-json\/wp\/v2\/product\/759","targetHints":{"allow":["GET"]}}],"collection":[{"href":"https:\/\/angels.ba\/cars\/wp-json\/wp\/v2\/product"}],"about":[{"href":"https:\/\/angels.ba\/cars\/wp-json\/wp\/v2\/types\/product"}],"wp:featuredmedia":[{"embeddable":true,"href":"https:\/\/angels.ba\/cars\/wp-json\/wp\/v2\/media\/782"}],"wp:attachment":[{"href":"https:\/\/angels.ba\/cars\/wp-json\/wp\/v2\/media?parent=759"}],"wp:term":[{"taxonomy":"product_cat","embeddable":true,"href":"https:\/\/angels.ba\/cars\/wp-json\/wp\/v2\/product_cat?post=759"},{"taxonomy":"product_tag","embeddable":true,"href":"https:\/\/angels.ba\/cars\/wp-json\/wp\/v2\/product_tag?post=759"}],"curies":[{"name":"wp","href":"https:\/\/api.w.org\/{rel}","templated":true}]}}