{"id":84,"date":"2019-07-20T18:18:15","date_gmt":"2019-07-20T16:18:15","guid":{"rendered":"https:\/\/angels.ba\/cars\/?post_type=product&#038;p=84"},"modified":"2021-06-10T20:19:48","modified_gmt":"2021-06-10T18:19:48","slug":"mini-countryman-all4","status":"publish","type":"product","link":"https:\/\/angels.ba\/cars\/automobil\/mini-countryman-all4\/","title":{"rendered":"MINI COUNTRYMAN All4"},"content":{"rendered":"<div><strong>UNIKATNO VOZILO U BOSNI I HERCEGOVINI<\/strong><\/div>\n<div>Maksimalna oprema na vozilu,<\/div>\n<div>F1 \u0161alta\u010d brzina na volanu,<\/div>\n<div>Promjena boje unutra\u0161njeg osvjetljenja.<\/div>\n","protected":false},"excerpt":{"rendered":"<p>Unikatno vozilo u BiH!<\/p>\n<p>ANGEL&#8217;S CARS garantuje kilometra\u017eu na\u0161ih vozila. Obezbje\u0111ujemo Raiffeisen leasing za koji odgovor dobijete za sat vremena. Ne radimo zamjenu automobila.<\/p>\n","protected":false},"featured_media":86,"template":"","meta":{"_et_pb_use_builder":"","_et_pb_old_content":"","_et_gb_content_width":"","inline_featured_image":false},"product_cat":[32],"product_tag":[],"class_list":["post-84","product","type-product","status-publish","has-post-thumbnail","hentry","product_cat-prodato","pa_godina-25","pa_gorivo-dizel","pa_kilometraza-26","pa_model-cooper-sd","pa_proizvodjac-mini","berocket_lgv_grid","berocket_lgv_list_grid"],"aioseo_notices":[],"_links":{"self":[{"href":"https:\/\/angels.ba\/cars\/wp-json\/wp\/v2\/product\/84","targetHints":{"allow":["GET"]}}],"collection":[{"href":"https:\/\/angels.ba\/cars\/wp-json\/wp\/v2\/product"}],"about":[{"href":"https:\/\/angels.ba\/cars\/wp-json\/wp\/v2\/types\/product"}],"wp:featuredmedia":[{"embeddable":true,"href":"https:\/\/angels.ba\/cars\/wp-json\/wp\/v2\/media\/86"}],"wp:attachment":[{"href":"https:\/\/angels.ba\/cars\/wp-json\/wp\/v2\/media?parent=84"}],"wp:term":[{"taxonomy":"product_cat","embeddable":true,"href":"https:\/\/angels.ba\/cars\/wp-json\/wp\/v2\/product_cat?post=84"},{"taxonomy":"product_tag","embeddable":true,"href":"https:\/\/angels.ba\/cars\/wp-json\/wp\/v2\/product_tag?post=84"}],"curies":[{"name":"wp","href":"https:\/\/api.w.org\/{rel}","templated":true}]}}