{"id":859,"date":"2020-05-25T17:53:30","date_gmt":"2020-05-25T15:53:30","guid":{"rendered":"https:\/\/angels.ba\/cars\/?post_type=product&#038;p=859"},"modified":"2022-04-01T12:50:16","modified_gmt":"2022-04-01T10:50:16","slug":"touran-2015-g","status":"publish","type":"product","link":"https:\/\/angels.ba\/cars\/automobil\/touran-2015-g\/","title":{"rendered":"TOURAN 2015"},"content":{"rendered":"","protected":false},"excerpt":{"rendered":"<p>ANGEL&#8217;S CARS garantuje kilometra\u017eu na\u0161ih vozila. Obezbje\u0111ujemo Raiffeisen leasing za koji odgovor dobijete za sat vremena. Ne radimo zamjenu automobila.<\/p>\n","protected":false},"featured_media":860,"template":"","meta":{"_et_pb_use_builder":"","_et_pb_old_content":"","_et_gb_content_width":"","inline_featured_image":false},"product_cat":[32],"product_tag":[],"class_list":["post-859","product","type-product","status-publish","has-post-thumbnail","hentry","product_cat-prodato","pa_godina-17","pa_gorivo-dizel","pa_kilometraza-141","pa_model-touran","pa_proizvodjac-volkswagen","berocket_lgv_grid","berocket_lgv_list_grid"],"aioseo_notices":[],"_links":{"self":[{"href":"https:\/\/angels.ba\/cars\/wp-json\/wp\/v2\/product\/859","targetHints":{"allow":["GET"]}}],"collection":[{"href":"https:\/\/angels.ba\/cars\/wp-json\/wp\/v2\/product"}],"about":[{"href":"https:\/\/angels.ba\/cars\/wp-json\/wp\/v2\/types\/product"}],"wp:featuredmedia":[{"embeddable":true,"href":"https:\/\/angels.ba\/cars\/wp-json\/wp\/v2\/media\/860"}],"wp:attachment":[{"href":"https:\/\/angels.ba\/cars\/wp-json\/wp\/v2\/media?parent=859"}],"wp:term":[{"taxonomy":"product_cat","embeddable":true,"href":"https:\/\/angels.ba\/cars\/wp-json\/wp\/v2\/product_cat?post=859"},{"taxonomy":"product_tag","embeddable":true,"href":"https:\/\/angels.ba\/cars\/wp-json\/wp\/v2\/product_tag?post=859"}],"curies":[{"name":"wp","href":"https:\/\/api.w.org\/{rel}","templated":true}]}}