{"id":876,"date":"2020-05-25T18:02:09","date_gmt":"2020-05-25T16:02:09","guid":{"rendered":"https:\/\/angels.ba\/cars\/?post_type=product&#038;p=876"},"modified":"2022-04-01T12:48:34","modified_gmt":"2022-04-01T10:48:34","slug":"mercedes-ml-320-cdi-2006-g","status":"publish","type":"product","link":"https:\/\/angels.ba\/cars\/automobil\/mercedes-ml-320-cdi-2006-g\/","title":{"rendered":"MERCEDES ML 320 CDI 2006"},"content":{"rendered":"","protected":false},"excerpt":{"rendered":"<p>ANGEL&#8217;S CARS garantuje kilometra\u017eu na\u0161ih vozila. Obezbje\u0111ujemo Raiffeisen leasing za koji odgovor dobijete za sat vremena. Ne radimo zamjenu automobila.<\/p>\n","protected":false},"featured_media":877,"template":"","meta":{"_et_pb_use_builder":"","_et_pb_old_content":"","_et_gb_content_width":"","inline_featured_image":false},"product_cat":[32],"product_tag":[],"class_list":["post-876","product","type-product","status-publish","has-post-thumbnail","hentry","product_cat-prodato","pa_godina-143","pa_gorivo-dizel","pa_kilometraza-144","pa_model-ml-320","pa_proizvodjac-mercedes-benz","berocket_lgv_grid","berocket_lgv_list_grid"],"aioseo_notices":[],"_links":{"self":[{"href":"https:\/\/angels.ba\/cars\/wp-json\/wp\/v2\/product\/876","targetHints":{"allow":["GET"]}}],"collection":[{"href":"https:\/\/angels.ba\/cars\/wp-json\/wp\/v2\/product"}],"about":[{"href":"https:\/\/angels.ba\/cars\/wp-json\/wp\/v2\/types\/product"}],"wp:featuredmedia":[{"embeddable":true,"href":"https:\/\/angels.ba\/cars\/wp-json\/wp\/v2\/media\/877"}],"wp:attachment":[{"href":"https:\/\/angels.ba\/cars\/wp-json\/wp\/v2\/media?parent=876"}],"wp:term":[{"taxonomy":"product_cat","embeddable":true,"href":"https:\/\/angels.ba\/cars\/wp-json\/wp\/v2\/product_cat?post=876"},{"taxonomy":"product_tag","embeddable":true,"href":"https:\/\/angels.ba\/cars\/wp-json\/wp\/v2\/product_tag?post=876"}],"curies":[{"name":"wp","href":"https:\/\/api.w.org\/{rel}","templated":true}]}}