{"id":505,"date":"2020-02-07T22:58:39","date_gmt":"2020-02-07T21:58:39","guid":{"rendered":"https:\/\/angels.ba\/rent-a-car\/price-list\/"},"modified":"2024-04-12T09:16:34","modified_gmt":"2024-04-12T07:16:34","slug":"price-list","status":"publish","type":"page","link":"https:\/\/angels.ba\/rent-a-car\/en\/price-list\/","title":{"rendered":"Price list"},"content":{"rendered":"<p>[et_pb_section fb_built=&#8221;1&#8243; admin_label=&#8221;Odeljak&#8221; _builder_version=&#8221;4.16&#8243; global_colors_info=&#8221;{}&#8221;][et_pb_row admin_label=&#8221;Red&#8221; _builder_version=&#8221;4.16&#8243; animation_style=&#8221;slide&#8221; animation_direction=&#8221;left&#8221; global_colors_info=&#8221;{}&#8221;][et_pb_column type=&#8221;4_4&#8243; _builder_version=&#8221;4.16&#8243; global_colors_info=&#8221;{}&#8221;][et_pb_post_title meta=&#8221;off&#8221; featured_image=&#8221;off&#8221; admin_label=&#8221;Naslov objave&#8221; _builder_version=&#8221;4.16&#8243; title_font_size=&#8221;30px&#8221; global_colors_info=&#8221;{}&#8221;][\/et_pb_post_title][et_pb_tabs active_tab_background_color=&#8221;#d6b884&#8243; inactive_tab_background_color=&#8221;#000000&#8243; active_tab_text_color=&#8221;#000000&#8243; disabled_on=&#8221;on|on|off&#8221; admin_label=&#8221;Kartice&#8221; _builder_version=&#8221;4.17.3&#8243; tab_text_color=&#8221;#d6b884&#8243; body_font=&#8221;||||||||&#8221; body_text_color=&#8221;#d6b884&#8243; tab_font=&#8221;||||||||&#8221; tab_font_size=&#8221;16px&#8221; background_color=&#8221;#000000&#8243; border_color_all=&#8221;#d6b884&#8243; global_colors_info=&#8221;{}&#8221;][et_pb_tab title=&#8221;Economy class of vehicles&#8221; _builder_version=&#8221;4.17.3&#8243; global_colors_info=&#8221;{}&#8221;]<\/p>\n<div class=\"cjenovnik\">\n<table>\n<thead>\n<tr>\n<td><strong>Make<\/strong><\/td>\n<td><strong>Type<\/strong><\/td>\n<td><strong>Year<\/strong><\/td>\n<td><strong>Color<\/strong><\/td>\n<td><strong>Transmission<\/strong><\/td>\n<td><strong>1-2 days<\/strong><\/td>\n<td><strong>3-4 days<\/strong><\/td>\n<td><strong>5-7 days<\/strong><\/td>\n<td><strong>8-14 days<\/strong><\/td>\n<td><strong>15-21 days<\/strong><\/td>\n<td><strong>22-30 days<\/strong><\/td>\n<td><strong>More than 30 days<\/strong><\/td>\n<\/tr>\n<\/thead>\n<tbody>\n<tr>\n<td>\u0160koda<\/td>\n<td>Fabia<\/td>\n<td>2019<\/td>\n<td>Black<\/td>\n<td>Manual<\/td>\n<td>110<\/td>\n<td>70<\/td>\n<td>60<\/td>\n<td>55<\/td>\n<td>50<\/td>\n<td>45<\/td>\n<td>40<\/td>\n<\/tr>\n<tr>\n<td>\u0160koda<\/td>\n<td>Fabia<\/td>\n<td>2019<\/td>\n<td>Black<\/td>\n<td>Manual<\/td>\n<td>110<\/td>\n<td>70<\/td>\n<td>60<\/td>\n<td>55<\/td>\n<td>50<\/td>\n<td>45<\/td>\n<td>40<\/td>\n<\/tr>\n<tr>\n<td>\u0160koda<\/td>\n<td>Fabia<\/td>\n<td>2019<\/td>\n<td>Black<\/td>\n<td>Manual<\/td>\n<td>110<\/td>\n<td>70<\/td>\n<td>60<\/td>\n<td>55<\/td>\n<td>50<\/td>\n<td>45<\/td>\n<td>40<\/td>\n<\/tr>\n<tr>\n<td>\u0160koda<\/td>\n<td>Fabia<\/td>\n<td>2019<\/td>\n<td>Red<\/td>\n<td>Manual<\/td>\n<td>110<\/td>\n<td>70<\/td>\n<td>60<\/td>\n<td>55<\/td>\n<td>50<\/td>\n<td>45<\/td>\n<td>40<\/td>\n<\/tr>\n<\/tbody>\n<\/table>\n<\/div>\n<p>[\/et_pb_tab][et_pb_tab title=&#8221;Mid-range vehicles&#8221; _builder_version=&#8221;4.17.3&#8243; global_colors_info=&#8221;{}&#8221;]<\/p>\n<div class=\"cjenovnik\">\n<table>\n<thead>\n<tr>\n<td><strong>Make<\/strong><\/td>\n<td><strong>Type<\/strong><\/td>\n<td><strong>Year<\/strong><\/td>\n<td><strong>Color<\/strong><\/td>\n<td><strong>Transmission<\/strong><\/td>\n<td><strong>1-2 days<\/strong><\/td>\n<td><strong>3-4 days<\/strong><\/td>\n<td><strong>5-7 days<\/strong><\/td>\n<td><strong>8-14 days<\/strong><\/td>\n<td><strong>15-21 days<\/strong><\/td>\n<td><strong>22-30 days<\/strong><\/td>\n<td><strong>More than 30 days<\/strong><\/td>\n<\/tr>\n<\/thead>\n<tbody>\n<tr>\n<td>\u0160koda<\/td>\n<td>Octavia<\/td>\n<td>2019<\/td>\n<td>Black<\/td>\n<td>Manual<\/td>\n<td>160<\/td>\n<td>130<\/td>\n<td>120<\/td>\n<td>110<\/td>\n<td>100<\/td>\n<td>90<\/td>\n<td>80<\/td>\n<\/tr>\n<\/tbody>\n<\/table>\n<\/div>\n<p>[\/et_pb_tab][et_pb_tab title=&#8221;SUVs&#8221; _builder_version=&#8221;4.17.3&#8243; global_colors_info=&#8221;{}&#8221;]<\/p>\n<div class=\"cjenovnik\">\n<table>\n<thead>\n<tr>\n<td><strong>Make<\/strong><\/td>\n<td><strong>Type<\/strong><\/td>\n<td><strong>Year<\/strong><\/td>\n<td><strong>Color<\/strong><\/td>\n<td><strong>Transmission<\/strong><\/td>\n<td><strong>1-2 days<\/strong><\/td>\n<td><strong>3-4 days<\/strong><\/td>\n<td><strong>5-7 days<\/strong><\/td>\n<td><strong>8-14 days<\/strong><\/td>\n<td><strong>15-21 days<\/strong><\/td>\n<td><strong>22-30 days<\/strong><\/td>\n<td><strong>More than 30 days<\/strong><\/td>\n<\/tr>\n<tr>\n<td>Seat<\/td>\n<td>Arona<\/td>\n<td>2019<\/td>\n<td>Grey<\/td>\n<td>Manual<\/td>\n<td>150<\/td>\n<td>120<\/td>\n<td>110<\/td>\n<td>100<\/td>\n<td>90<\/td>\n<td>80<\/td>\n<td>70<\/td>\n<\/tr>\n<\/thead>\n<tbody>\n<tr>\n<td>Seat<\/td>\n<td>Arona<\/td>\n<td>2019<\/td>\n<td>Grey<\/td>\n<td>Manual<\/td>\n<td>150<\/td>\n<td>120<\/td>\n<td>110<\/td>\n<td>100<\/td>\n<td>90<\/td>\n<td>80<\/td>\n<td>70<\/td>\n<\/tr>\n<tr>\n<td>Volkswagen<\/td>\n<td>Touareg<\/td>\n<td>2017<\/td>\n<td>Gold<\/td>\n<td>Automatic<\/td>\n<td>280<\/td>\n<td>230<\/td>\n<td>220<\/td>\n<td>210<\/td>\n<td>200<\/td>\n<td>190<\/td>\n<td>180<\/td>\n<\/tr>\n<tr>\n<td>Mercedes<\/td>\n<td>ML<\/td>\n<td>2017<\/td>\n<td>Black<\/td>\n<td>Automatic<\/td>\n<td>280<\/td>\n<td>240<\/td>\n<td>230<\/td>\n<td>220<\/td>\n<td>210<\/td>\n<td>200<\/td>\n<td>190<\/td>\n<\/tr>\n<tr>\n<td>\u0160koda<\/td>\n<td>Yeti<\/td>\n<td>2017<\/td>\n<td>Brown<\/td>\n<td>Automatic<\/td>\n<td>170<\/td>\n<td>140<\/td>\n<td>130<\/td>\n<td>120<\/td>\n<td>110<\/td>\n<td>100<\/td>\n<td>90<\/td>\n<\/tr>\n<\/tbody>\n<\/table>\n<\/div>\n<p>[\/et_pb_tab][et_pb_tab title=&#8221;Vans&#8221; _builder_version=&#8221;4.17.3&#8243; global_colors_info=&#8221;{}&#8221;]<\/p>\n<div class=\"cjenovnik\">\n<table>\n<thead>\n<tr>\n<td><strong>Make<\/strong><\/td>\n<td><strong>Type<\/strong><\/td>\n<td><strong>Year<\/strong><\/td>\n<td><strong>Color<\/strong><\/td>\n<td><strong>Transmission<\/strong><\/td>\n<td><strong>1-2 days<\/strong><\/td>\n<td><strong>3-4 days<\/strong><\/td>\n<td><strong>5-7 days<\/strong><\/td>\n<td><strong>8-14 days<\/strong><\/td>\n<td><strong>15-21 days<\/strong><\/td>\n<td><strong>22-30 days<\/strong><\/td>\n<td><strong>More than 30 days<\/strong><\/td>\n<\/tr>\n<\/thead>\n<tbody>\n<tr>\n<td>Opel<\/td>\n<td>Vivaro<\/td>\n<td>2019<\/td>\n<td>Black<\/td>\n<td>Manual<\/td>\n<td>220<\/td>\n<td>180<\/td>\n<td>170<\/td>\n<td>160<\/td>\n<td>150<\/td>\n<td>140<\/td>\n<td>130<\/td>\n<\/tr>\n<\/tbody>\n<\/table>\n<\/div>\n<p>[\/et_pb_tab][\/et_pb_tabs][et_pb_tabs active_tab_background_color=&#8221;#d6b884&#8243; inactive_tab_background_color=&#8221;#000000&#8243; active_tab_text_color=&#8221;#000000&#8243; disabled_on=&#8221;off|off|on&#8221; _builder_version=&#8221;4.17.3&#8243; tab_text_color=&#8221;#d6b884&#8243; tab_font=&#8221;||||||||&#8221; tab_font_size=&#8221;16px&#8221; background_color=&#8221;#000000&#8243; hover_enabled=&#8221;0&#8243; border_color_all=&#8221;#d6b884&#8243; global_colors_info=&#8221;{}&#8221; sticky_enabled=&#8221;0&#8243;][et_pb_tab title=&#8221;Economy class of vehicles&#8221; _builder_version=&#8221;4.17.3&#8243; global_colors_info=&#8221;{}&#8221;]<\/p>\n<div class=\"cjenovnik_responsive\">\n<table>\n<thead>\n<tr>\n<td><strong>Make<\/strong><\/td>\n<td>\u0160koda<\/td>\n<\/tr>\n<tr>\n<td><strong>Type<\/strong><\/td>\n<td>Fabia<\/td>\n<\/tr>\n<tr>\n<td><strong>Year<\/strong><\/td>\n<td>2019<\/td>\n<\/tr>\n<tr>\n<td><strong>Color<\/strong><\/td>\n<td>Black<\/td>\n<\/tr>\n<tr>\n<td><strong>Transmission<\/strong><\/td>\n<td>Manual<\/td>\n<\/tr>\n<tr>\n<td><strong>1-2 days<br \/><\/strong><\/td>\n<td>110<\/td>\n<\/tr>\n<tr>\n<td><strong>3-4 days<br \/><\/strong><\/td>\n<td>70<\/td>\n<\/tr>\n<tr>\n<td><strong>5-7 days<br \/><\/strong><\/td>\n<td>60<\/td>\n<\/tr>\n<tr>\n<td><strong>8-14 days<br \/><\/strong><\/td>\n<td>55<\/td>\n<\/tr>\n<tr>\n<td><strong>15-21 days<br \/><\/strong><\/td>\n<td>50<\/td>\n<\/tr>\n<tr>\n<td><strong>22-30 days<br \/><\/strong><\/td>\n<td>45<\/td>\n<\/tr>\n<tr>\n<td><strong>More than 30 days<\/strong><\/td>\n<td>40<\/td>\n<\/tr>\n<\/thead>\n<\/table>\n<\/div>\n<div class=\"cjenovnik_responsive\">\n<table>\n<thead>\n<tr>\n<td><strong>Make<\/strong><\/td>\n<td>\u0160koda<\/td>\n<\/tr>\n<tr>\n<td><strong>Type<\/strong><\/td>\n<td>Fabia<\/td>\n<\/tr>\n<tr>\n<td><strong>Year<\/strong><\/td>\n<td>2019<\/td>\n<\/tr>\n<tr>\n<td><strong>Color<\/strong><\/td>\n<td>Black<\/td>\n<\/tr>\n<tr>\n<td><strong>Transmission<\/strong><\/td>\n<td>Manual<\/td>\n<\/tr>\n<tr>\n<td><strong>1-2 days<br \/><\/strong><\/td>\n<td>110<\/td>\n<\/tr>\n<tr>\n<td><strong>3-4 days<br \/><\/strong><\/td>\n<td>70<\/td>\n<\/tr>\n<tr>\n<td><strong>5-7 days<br \/><\/strong><\/td>\n<td>60<\/td>\n<\/tr>\n<tr>\n<td><strong>8-14 days<br \/><\/strong><\/td>\n<td>55<\/td>\n<\/tr>\n<tr>\n<td><strong>15-21 days<br \/><\/strong><\/td>\n<td>50<\/td>\n<\/tr>\n<tr>\n<td><strong>22-30 days<br \/><\/strong><\/td>\n<td>45<\/td>\n<\/tr>\n<tr>\n<td><strong>More than 30 days<\/strong><\/td>\n<td>40<\/td>\n<\/tr>\n<\/thead>\n<\/table>\n<\/div>\n<div class=\"cjenovnik_responsive\">\n<table>\n<thead>\n<tr>\n<td><strong>Make<\/strong><\/td>\n<td>\u0160koda<\/td>\n<\/tr>\n<tr>\n<td><strong>Type<\/strong><\/td>\n<td>Fabia<\/td>\n<\/tr>\n<tr>\n<td><strong>Year<\/strong><\/td>\n<td>2019<\/td>\n<\/tr>\n<tr>\n<td><strong>Color<\/strong><\/td>\n<td>Black<\/td>\n<\/tr>\n<tr>\n<td><strong>Transmission<\/strong><\/td>\n<td>Manual<\/td>\n<\/tr>\n<tr>\n<td><strong>1-2 days<br \/><\/strong><\/td>\n<td>110<\/td>\n<\/tr>\n<tr>\n<td><strong>3-4 days<br \/><\/strong><\/td>\n<td>70<\/td>\n<\/tr>\n<tr>\n<td><strong>5-7 days<br \/><\/strong><\/td>\n<td>60<\/td>\n<\/tr>\n<tr>\n<td><strong>8-14 days<br \/><\/strong><\/td>\n<td>55<\/td>\n<\/tr>\n<tr>\n<td><strong>15-21 days<br \/><\/strong><\/td>\n<td>50<\/td>\n<\/tr>\n<tr>\n<td><strong>22-30 days<br \/><\/strong><\/td>\n<td>45<\/td>\n<\/tr>\n<tr>\n<td><strong>More than 30 days<\/strong><\/td>\n<td>40<\/td>\n<\/tr>\n<\/thead>\n<\/table>\n<\/div>\n<div class=\"cjenovnik_responsive\">\n<table>\n<thead>\n<tr>\n<td><strong>Make<\/strong><\/td>\n<td>\u0160koda<\/td>\n<\/tr>\n<tr>\n<td><strong>Type<\/strong><\/td>\n<td>Fabia<\/td>\n<\/tr>\n<tr>\n<td><strong>Year<\/strong><\/td>\n<td>2019<\/td>\n<\/tr>\n<tr>\n<td><strong>Color<\/strong><\/td>\n<td>Red<\/td>\n<\/tr>\n<tr>\n<td><strong>Transmission<\/strong><\/td>\n<td>Manual<\/td>\n<\/tr>\n<tr>\n<td><strong>1-2 days<br \/><\/strong><\/td>\n<td>110<\/td>\n<\/tr>\n<tr>\n<td><strong>3-4 days<br \/><\/strong><\/td>\n<td>70<\/td>\n<\/tr>\n<tr>\n<td><strong>5-7 days<br \/><\/strong><\/td>\n<td>60<\/td>\n<\/tr>\n<tr>\n<td><strong>8-14 days<br \/><\/strong><\/td>\n<td>55<\/td>\n<\/tr>\n<tr>\n<td><strong>15-21 days<br \/><\/strong><\/td>\n<td>50<\/td>\n<\/tr>\n<tr>\n<td><strong>22-30 days<br \/><\/strong><\/td>\n<td>45<\/td>\n<\/tr>\n<tr>\n<td><strong>More than 30 days<\/strong><\/td>\n<td>40<\/td>\n<\/tr>\n<\/thead>\n<\/table>\n<\/div>\n<p>[\/et_pb_tab][et_pb_tab title=&#8221;Mid-range vehicles&#8221; _builder_version=&#8221;4.17.3&#8243; global_colors_info=&#8221;{}&#8221;]<\/p>\n<div class=\"cjenovnik_responsive\">\n<table>\n<thead>\n<tr>\n<td><strong>Make<\/strong><\/td>\n<td>\u0160koda<\/td>\n<\/tr>\n<tr>\n<td><strong>Type<\/strong><\/td>\n<td>Octavia<\/td>\n<\/tr>\n<tr>\n<td><strong>Year<\/strong><\/td>\n<td>2019<\/td>\n<\/tr>\n<tr>\n<td><strong>Color<\/strong><\/td>\n<td>Black<\/td>\n<\/tr>\n<tr>\n<td><strong>Transmission<\/strong><\/td>\n<td>Manual<\/td>\n<\/tr>\n<tr>\n<td><strong>1-2 days<\/strong><\/td>\n<td>160<\/td>\n<\/tr>\n<tr>\n<td><strong>3-4 days<\/strong><\/td>\n<td>130<\/td>\n<\/tr>\n<tr>\n<td><strong>5-7 days<\/strong><\/td>\n<td>120<\/td>\n<\/tr>\n<tr>\n<td><strong>8-14 days<\/strong><\/td>\n<td>110<\/td>\n<\/tr>\n<tr>\n<td><strong>15-21 days<\/strong><\/td>\n<td>100<\/td>\n<\/tr>\n<tr>\n<td><strong>22-30 days<\/strong><\/td>\n<td>90<\/td>\n<\/tr>\n<tr>\n<td><strong>More than 30 days<\/strong><\/td>\n<td>80<\/td>\n<\/tr>\n<\/thead>\n<\/table>\n<\/div>\n<p>[\/et_pb_tab][et_pb_tab title=&#8221;SUVs&#8221; _builder_version=&#8221;4.17.3&#8243; hover_enabled=&#8221;0&#8243; global_colors_info=&#8221;{}&#8221; sticky_enabled=&#8221;0&#8243;]<\/p>\n<div class=\"cjenovnik_responsive\">\n<table>\n<thead>\n<tr>\n<td><strong>Make<\/strong><\/td>\n<td>Seat<\/td>\n<\/tr>\n<tr>\n<td><strong>Type<\/strong><\/td>\n<td>Arona<\/td>\n<\/tr>\n<tr>\n<td><strong>Year<\/strong><\/td>\n<td>2019<\/td>\n<\/tr>\n<tr>\n<td><strong>Color<\/strong><\/td>\n<td>Grey<\/td>\n<\/tr>\n<tr>\n<td><strong>Transmission<\/strong><\/td>\n<td>Manual<\/td>\n<\/tr>\n<tr>\n<td><strong>1-2 days<\/strong><\/td>\n<td>150<\/td>\n<\/tr>\n<tr>\n<td><strong>3-4 days<\/strong><\/td>\n<td>120<\/td>\n<\/tr>\n<tr>\n<td><strong>5-7 days<\/strong><\/td>\n<td>110<\/td>\n<\/tr>\n<tr>\n<td><strong>8-14 days<\/strong><\/td>\n<td>100<\/td>\n<\/tr>\n<tr>\n<td><strong>15-21 days<\/strong><\/td>\n<td>90<\/td>\n<\/tr>\n<tr>\n<td><strong>22-30 days<\/strong><\/td>\n<td>80<\/td>\n<\/tr>\n<tr>\n<td><strong>More than 30 days<\/strong><\/td>\n<td>70<\/td>\n<\/tr>\n<\/thead>\n<\/table>\n<\/div>\n<div class=\"cjenovnik_responsive\">\n<table>\n<thead>\n<tr>\n<td><strong>Make<\/strong><\/td>\n<td>Seat<\/td>\n<\/tr>\n<tr>\n<td><strong>Type<\/strong><\/td>\n<td>Arona<\/td>\n<\/tr>\n<tr>\n<td><strong>Year<\/strong><\/td>\n<td>2019<\/td>\n<\/tr>\n<tr>\n<td><strong>Color<\/strong><\/td>\n<td>Grey<\/td>\n<\/tr>\n<tr>\n<td><strong>Transmission<\/strong><\/td>\n<td>Manual<\/td>\n<\/tr>\n<tr>\n<td><strong>1-2 days<\/strong><\/td>\n<td>150<\/td>\n<\/tr>\n<tr>\n<td><strong>3-4 days<\/strong><\/td>\n<td>120<\/td>\n<\/tr>\n<tr>\n<td><strong>5-7 days<\/strong><\/td>\n<td>110<\/td>\n<\/tr>\n<tr>\n<td><strong>8-14 days<\/strong><\/td>\n<td>100<\/td>\n<\/tr>\n<tr>\n<td><strong>15-21 days<\/strong><\/td>\n<td>90<\/td>\n<\/tr>\n<tr>\n<td><strong>22-30 days<\/strong><\/td>\n<td>80<\/td>\n<\/tr>\n<tr>\n<td><strong>More than 30 days<\/strong><\/td>\n<td>70<\/td>\n<\/tr>\n<\/thead>\n<\/table>\n<\/div>\n<div class=\"cjenovnik_responsive\">\n<table>\n<thead>\n<tr>\n<td><strong>Make<\/strong><\/td>\n<td>Volkswagen<\/td>\n<\/tr>\n<tr>\n<td><strong>Type<\/strong><\/td>\n<td>Touareg<\/td>\n<\/tr>\n<tr>\n<td><strong>Year<\/strong><\/td>\n<td>2017<\/td>\n<\/tr>\n<tr>\n<td><strong>Color<\/strong><\/td>\n<td>Gold<\/td>\n<\/tr>\n<tr>\n<td><strong>Transmission<\/strong><\/td>\n<td>Automatic<\/td>\n<\/tr>\n<tr>\n<td><strong>1-2 days<\/strong><\/td>\n<td>280<\/td>\n<\/tr>\n<tr>\n<td><strong>3-4 days<\/strong><\/td>\n<td>230<\/td>\n<\/tr>\n<tr>\n<td><strong>5-7 days<\/strong><\/td>\n<td>220<\/td>\n<\/tr>\n<tr>\n<td><strong>8-14 days<\/strong><\/td>\n<td>210<\/td>\n<\/tr>\n<tr>\n<td><strong>15-21 days<\/strong><\/td>\n<td>200<\/td>\n<\/tr>\n<tr>\n<td><strong>22-30 days<\/strong><\/td>\n<td>190<\/td>\n<\/tr>\n<tr>\n<td><strong>More than 30 days<\/strong><\/td>\n<td>180<\/td>\n<\/tr>\n<\/thead>\n<\/table>\n<\/div>\n<div class=\"cjenovnik_responsive\">\n<table>\n<thead>\n<tr>\n<td><strong>Make<\/strong><\/td>\n<td>Mercedes<\/td>\n<\/tr>\n<tr>\n<td><strong>Type<\/strong><\/td>\n<td>ML<\/td>\n<\/tr>\n<tr>\n<td><strong>Year<\/strong><\/td>\n<td>2017<\/td>\n<\/tr>\n<tr>\n<td><strong>Color<\/strong><\/td>\n<td>Black<\/td>\n<\/tr>\n<tr>\n<td><strong>Transmission<\/strong><\/td>\n<td>Automatic<\/td>\n<\/tr>\n<tr>\n<td><strong>1-2 days<\/strong><\/td>\n<td>280<\/td>\n<\/tr>\n<tr>\n<td><strong>3-4 days<\/strong><\/td>\n<td>240<\/td>\n<\/tr>\n<tr>\n<td><strong>5-7 days<\/strong><\/td>\n<td>230<\/td>\n<\/tr>\n<tr>\n<td><strong>8-14 days<\/strong><\/td>\n<td>220<\/td>\n<\/tr>\n<tr>\n<td><strong>15-21 days<\/strong><\/td>\n<td>210<\/td>\n<\/tr>\n<tr>\n<td><strong>22-30 days<\/strong><\/td>\n<td>200<\/td>\n<\/tr>\n<tr>\n<td><strong>More than 30 days<\/strong><\/td>\n<td>190<\/td>\n<\/tr>\n<\/thead>\n<\/table>\n<\/div>\n<div class=\"cjenovnik_responsive\">\n<table>\n<thead>\n<tr>\n<td><strong>Make<\/strong><\/td>\n<td>\u0160koda<\/td>\n<\/tr>\n<tr>\n<td><strong>Type<\/strong><\/td>\n<td>Yeti<\/td>\n<\/tr>\n<tr>\n<td><strong>Year<\/strong><\/td>\n<td>2017<\/td>\n<\/tr>\n<tr>\n<td><strong>Color<\/strong><\/td>\n<td>Brown<\/td>\n<\/tr>\n<tr>\n<td><strong>Transmission<\/strong><\/td>\n<td>Automatic<\/td>\n<\/tr>\n<tr>\n<td><strong>1-2 days<\/strong><\/td>\n<td>170<\/td>\n<\/tr>\n<tr>\n<td><strong>3-4 days<\/strong><\/td>\n<td>140<\/td>\n<\/tr>\n<tr>\n<td><strong>5-7 days<\/strong><\/td>\n<td>130<\/td>\n<\/tr>\n<tr>\n<td><strong>8-14 days<\/strong><\/td>\n<td>120<\/td>\n<\/tr>\n<tr>\n<td><strong>15-21 days<\/strong><\/td>\n<td>110<\/td>\n<\/tr>\n<tr>\n<td><strong>22-30 days<\/strong><\/td>\n<td>100<\/td>\n<\/tr>\n<tr>\n<td><strong>More than 30 days<\/strong><\/td>\n<td>90<\/td>\n<\/tr>\n<\/thead>\n<\/table>\n<\/div>\n<p>[\/et_pb_tab][et_pb_tab title=&#8221;Vans&#8221; _builder_version=&#8221;4.17.3&#8243; global_colors_info=&#8221;{}&#8221;]<\/p>\n<div class=\"cjenovnik_responsive\">\n<table>\n<thead>\n<tr>\n<td><strong>Make<\/strong><\/td>\n<td>Opel<\/td>\n<\/tr>\n<tr>\n<td><strong>Type<\/strong><\/td>\n<td>Vivaro<\/td>\n<\/tr>\n<tr>\n<td><strong>Year<\/strong><\/td>\n<td>2019<\/td>\n<\/tr>\n<tr>\n<td><strong>Color<\/strong><\/td>\n<td>Black<\/td>\n<\/tr>\n<tr>\n<td><strong>Transmission<\/strong><\/td>\n<td>Manual<\/td>\n<\/tr>\n<tr>\n<td><strong>1-2 days<\/strong><\/td>\n<td>220<\/td>\n<\/tr>\n<tr>\n<td><strong>3-4 days<\/strong><\/td>\n<td>180<\/td>\n<\/tr>\n<tr>\n<td><strong>5-7 days<\/strong><\/td>\n<td>170<\/td>\n<\/tr>\n<tr>\n<td><strong>8-14 days<\/strong><\/td>\n<td>160<\/td>\n<\/tr>\n<tr>\n<td><strong>15-21 days<\/strong><\/td>\n<td>150<\/td>\n<\/tr>\n<tr>\n<td><strong>22-30 days<\/strong><\/td>\n<td>140<\/td>\n<\/tr>\n<tr>\n<td><strong>More than 30 days<\/strong><\/td>\n<td>130<\/td>\n<\/tr>\n<\/thead>\n<\/table>\n<\/div>\n<p>[\/et_pb_tab][\/et_pb_tabs][et_pb_text admin_label=&#8221;Tekst&#8221; _builder_version=&#8221;4.17.3&#8243; _module_preset=&#8221;default&#8221; global_colors_info=&#8221;{}&#8221;]<\/p>\n<p>The listed prices are without VAT.<\/p>\n<p>[\/et_pb_text][\/et_pb_column][\/et_pb_row][\/et_pb_section]<\/p>\n","protected":false},"excerpt":{"rendered":"<p>Make Type Year Color Transmission 1-2 days 3-4 days 5-7 days 8-14 days 15-21 days 22-30 days More than 30 days \u0160koda Fabia 2019 Black Manual 110 70 60 55 50 45 40 \u0160koda Fabia 2019 Black Manual 110 70 60 55 50 45 40 \u0160koda Fabia 2019 Black Manual 110 70 60 55 50 [&hellip;]<\/p>\n","protected":false},"author":1,"featured_media":0,"parent":0,"menu_order":0,"comment_status":"closed","ping_status":"closed","template":"","meta":{"_et_pb_use_builder":"on","_et_pb_old_content":"","_et_gb_content_width":"","inline_featured_image":false,"footnotes":""},"class_list":["post-505","page","type-page","status-publish","hentry"],"aioseo_notices":[],"_links":{"self":[{"href":"https:\/\/angels.ba\/rent-a-car\/en\/wp-json\/wp\/v2\/pages\/505","targetHints":{"allow":["GET"]}}],"collection":[{"href":"https:\/\/angels.ba\/rent-a-car\/en\/wp-json\/wp\/v2\/pages"}],"about":[{"href":"https:\/\/angels.ba\/rent-a-car\/en\/wp-json\/wp\/v2\/types\/page"}],"author":[{"embeddable":true,"href":"https:\/\/angels.ba\/rent-a-car\/en\/wp-json\/wp\/v2\/users\/1"}],"replies":[{"embeddable":true,"href":"https:\/\/angels.ba\/rent-a-car\/en\/wp-json\/wp\/v2\/comments?post=505"}],"version-history":[{"count":26,"href":"https:\/\/angels.ba\/rent-a-car\/en\/wp-json\/wp\/v2\/pages\/505\/revisions"}],"predecessor-version":[{"id":930,"href":"https:\/\/angels.ba\/rent-a-car\/en\/wp-json\/wp\/v2\/pages\/505\/revisions\/930"}],"wp:attachment":[{"href":"https:\/\/angels.ba\/rent-a-car\/en\/wp-json\/wp\/v2\/media?parent=505"}],"curies":[{"name":"wp","href":"https:\/\/api.w.org\/{rel}","templated":true}]}}