{"id":619,"date":"2020-04-18T19:18:40","date_gmt":"2020-04-18T17:18:40","guid":{"rendered":"https:\/\/angels.ba\/rent-a-car\/?page_id=619"},"modified":"2020-05-12T22:32:15","modified_gmt":"2020-05-12T20:32:15","slug":"uputstva-sa-pravilima-za-koriscenje","status":"publish","type":"page","link":"https:\/\/angels.ba\/rent-a-car\/uputstva-sa-pravilima-za-koriscenje\/","title":{"rendered":"Uputstva sa pravilima za kori\u0161\u0107enje"},"content":{"rendered":"<p>Po\u0161tovani Korisni\u010de, na ovoj stranici mo\u017eete prona\u0107i informacije o ovoj web-stranici kao i uputstva za jednostavnu upotrebu.<\/p>\n<p>&nbsp;<\/p>\n<h3>Podr\u0161ka<\/h3>\n<p>Ukoliko Vam je potrebna pomo\u0107, molimo Vas da nam se obratite elektronskom po\u0161tom na adresu info@angels.ba. Tako\u0111e nas mo\u017eete kontaktirati putem telefona broj +387\u00a0 65 401 001 i +387 57 401 001.<\/p>\n<p>&nbsp;<\/p>\n<h3>Uputstvo za upotrebu<\/h3>\n<p>Jednostavnom navigacijom kroz sadr\u017eaj web-stranice izaberite vozilo koje \u017eelite da rezervi\u0161ete i izaberite podatke o detaljima same rezervacije. Pla\u0107anje se obavlja putem jednostavnog interfejsa minimalnim brojem koraka.<br \/>\nObratite nam se ukoliko nai\u0111ete na pote\u0161ko\u0107e, rado \u0107emo vam pomo\u0107i!<\/p>\n<p>&nbsp;<\/p>\n<h3>Pla\u0107anje na web-stranici<\/h3>\n<p>Pla\u0107anje usluga iznajmljivanja vozila putem web-sajta je mogu\u0107e na dva na\u010dina. Prvi na\u010din je putem direktne uplate na transakcioni ra\u010dun. Drugi na\u010din je pla\u0107anje kreditnim i debitnim karticama putem usluge E-pay bezbjednog pla\u0107anja Raiffeisen banke.<\/p>\n<p>&nbsp;<\/p>\n<h3>Bezbjednost<\/h3>\n<p>Prilikom pla\u0107anja na Angels&#8217;S web-stranici u potpunosti ste bezbjedni. Sve informacije u vezi sa kreditnim i debitnim kartice su bezbjedno pohranjene, na na\u010din da ni jedno lice nije upoznato s njima. Pla\u0107anje karticama se izvodi pod provjerenim automatizovanim sistemom naplate banke, podaci o broju kartice se unose u enkriptovanom interfejsu banke tako da su podaci o kartici potpuno za\u0161ti\u0107eni i nedostupni. Podaci o va\u0161oj kreditnoj ili debitnoj kartici nisu obra\u0111eni ili pohranjeni na na\u0161oj web-stranici, ve\u0107 se to direktno odvija na web-sajtu Raiffeisen banke. Angel&#8217;S se obavezuje da \u0107e pru\u017eati za\u0161titu li\u010dnih podataka korisnika, na na\u010din da prikuplja samo neophodne, osnovne podatke o\u00a0 korisnicima koji su neophodne za ispunjenje na\u0161ih obaveza. Svi podaci o korisnicima se strogo \u010duvaju i dostupni su samo zaposlenim kojima su ti podaci neophodni za obavljanje posla.<\/p>\n<p>&nbsp;<\/p>\n<h3>Prijem potvrde rezervacije<\/h3>\n<p>Primi\u0107ete kona\u010dnu potvrdu prijema rezervacije putem elektronske po\u0161te u najkra\u0107em mogu\u0107em roku, tokom radnog vremena. Molimo da je sa\u010duvate jer se od Vas mogu tra\u017eiti informacije iz nje. Ukoliko ne primite ovu poruku obratite nam se na info@angels.ba, tako da mo\u017eemo istra\u017eiti i potvrditi da je Va\u0161a rezervacija poslata uspje\u0161no.<\/p>\n<p>&nbsp;<\/p>\n<h3>Cijene<\/h3>\n<p>Cijene koje su navedene na web-stranici izra\u017eene su u konvertibilnim markama (BAM) i uklju\u010duju trenutnu stopu PDV-a. Zadr\u017eavamo pravo promjene cijena navedenih u cjenovniku, s tim da nakon izvr\u0161enog pla\u0107anja usluge najma automobila ne mo\u017ee do\u0107i do izmjene cijene pla\u0107ene usluge.<\/p>\n<p>&nbsp;<\/p>\n<h3>Dostupnost<\/h3>\n<p>Sve usluge iznajmljivanja vozila zavise od raspolo\u017eivosti. Vozilo koje je rezervisano i pla\u0107eno, uvijek \u0107e Vam biti na raspolaganju za preuzimanje u dogovorenom terminu.<br \/>\nUsluge iznamljivanja, odnosno preuzimanja i vra\u0107anja vozila se vr\u0161e isklju\u010divo na podru\u010dju Bosne i Hercegovine. Sa iznajmljenim vozilom je dozvoljen prelazak dr\u017eavne granice, odnosno kori\u0161\u0107enje vozila je mogu\u0107e i izvan Bosne i Hercegovine.<\/p>\n<p>&nbsp;<\/p>\n<h3>Preuzimanje vozila<\/h3>\n<p>Vozila se preuzimaju sa punim rezervoarom i full kasko su osigurana. Prilikom preuzimanja se potpisuje ugovor o najmu vozila u kojem su definisana prava i obaveze korisnika usluga.<\/p>\n<p>&nbsp;<\/p>\n<h3>Politika povrata<\/h3>\n<p>Kod otkazivanja rezervacije iz objektivnih razloga, izvr\u0161i\u0107emo povrat od 80% sredstava, ukoliko se rezervacija otka\u017ee najmanje 5 dana prije dogovorenog vremena preuzimanja vozila.<br \/>\nU slu\u010daju vi\u0161e sile (pandemije, zemljotresa i sl.) ili smrtnog slu\u010daja izvr\u0161i\u0107emo povrat 100% sredstava.<\/p>\n<p>&nbsp;<\/p>\n<h3>Odricanje od odgovornosti<\/h3>\n<p>Angel&#8217;S s.p. se u potpunosti odri\u010de svake odgovornosti koja na bilo koji na\u010din mo\u017ee nastati iz kori\u0161\u0107enja web-stranice ili je na bilo koji na\u010din u vezi sa kori\u0161\u0107enjem ove web-stranice, za bilo koje akcije korisnika upotrebom ili zloupotrebom sadr\u017eaja ove web-stranice, kao i za bilo kakvu \u0161tetu koja mo\u017ee nastati korisniku ili bilo kojoj tre\u0107oj strani u vezi s upotrebom ili zloupotrebom kori\u0161\u0107enja sadr\u017eaja ove web-stranice.<\/p>\n<p>&nbsp;<\/p>\n<h3>Nadle\u017enost<\/h3>\n<p>Ova web-stranica, njen sadr\u017eaj i bilo koji ugovor nastao kao rezultat kori\u0161\u0107enja ove stranice su ure\u0111eni i tuma\u010deni u skladu sa zakonima Republike Srpske i Bosne i Hercegovine.<\/p>\n<p>Ukoliko imate bilo kakvih pitanja o na\u0161im uslugama molimo Vas da nas kontaktirate:<\/p>\n<p><strong>Angel&#8217;S s.p.<\/strong><br \/>\nJIB: 4510973270004<br \/>\nE-po\u0161ta: info@angels.ba<br \/>\nTelefon: +387\u00a0 65 401 001, +387 57 401 001<br \/>\nAdresa:\u00a0 Trifka Grabe\u017ea 127, 71420 Pale<\/p>\n","protected":false},"excerpt":{"rendered":"<p>Po\u0161tovani Korisni\u010de, na ovoj stranici mo\u017eete prona\u0107i informacije o ovoj web-stranici kao i uputstva za jednostavnu upotrebu. &nbsp; Podr\u0161ka Ukoliko Vam je potrebna pomo\u0107, molimo Vas da nam se obratite elektronskom po\u0161tom na adresu info@angels.ba. Tako\u0111e nas mo\u017eete kontaktirati putem telefona broj +387\u00a0 65 401 001 i +387 57 401 001. &nbsp; Uputstvo za upotrebu [&hellip;]<\/p>\n","protected":false},"author":1,"featured_media":0,"parent":0,"menu_order":0,"comment_status":"closed","ping_status":"closed","template":"","meta":{"_et_pb_use_builder":"","_et_pb_old_content":"","_et_gb_content_width":"","inline_featured_image":false,"footnotes":""},"class_list":["post-619","page","type-page","status-publish","hentry"],"aioseo_notices":[],"_links":{"self":[{"href":"https:\/\/angels.ba\/rent-a-car\/wp-json\/wp\/v2\/pages\/619","targetHints":{"allow":["GET"]}}],"collection":[{"href":"https:\/\/angels.ba\/rent-a-car\/wp-json\/wp\/v2\/pages"}],"about":[{"href":"https:\/\/angels.ba\/rent-a-car\/wp-json\/wp\/v2\/types\/page"}],"author":[{"embeddable":true,"href":"https:\/\/angels.ba\/rent-a-car\/wp-json\/wp\/v2\/users\/1"}],"replies":[{"embeddable":true,"href":"https:\/\/angels.ba\/rent-a-car\/wp-json\/wp\/v2\/comments?post=619"}],"version-history":[{"count":16,"href":"https:\/\/angels.ba\/rent-a-car\/wp-json\/wp\/v2\/pages\/619\/revisions"}],"predecessor-version":[{"id":652,"href":"https:\/\/angels.ba\/rent-a-car\/wp-json\/wp\/v2\/pages\/619\/revisions\/652"}],"wp:attachment":[{"href":"https:\/\/angels.ba\/rent-a-car\/wp-json\/wp\/v2\/media?parent=619"}],"curies":[{"name":"wp","href":"https:\/\/api.w.org\/{rel}","templated":true}]}}