{"id":93,"date":"2019-08-13T12:12:31","date_gmt":"2019-08-13T10:12:31","guid":{"rendered":"http:\/\/angels.ba\/rent-a-car\/?page_id=93"},"modified":"2024-04-11T18:58:35","modified_gmt":"2024-04-11T16:58:35","slug":"cjenovnik","status":"publish","type":"page","link":"https:\/\/angels.ba\/rent-a-car\/cjenovnik\/","title":{"rendered":"Cjenovnik"},"content":{"rendered":"<p>[et_pb_section fb_built=&#8220;1&#8243; admin_label=&#8220;Odeljak&#8220; _builder_version=&#8220;4.16&#8243; global_colors_info=&#8220;{}&#8220;][et_pb_row admin_label=&#8220;Red&#8220; _builder_version=&#8220;4.16&#8243; animation_style=&#8220;slide&#8220; animation_direction=&#8220;left&#8220; global_colors_info=&#8220;{}&#8220;][et_pb_column type=&#8220;4_4&#8243; _builder_version=&#8220;4.16&#8243; global_colors_info=&#8220;{}&#8220;][et_pb_post_title meta=&#8220;off&#8220; featured_image=&#8220;off&#8220; admin_label=&#8220;Naslov objave&#8220; _builder_version=&#8220;4.16&#8243; title_font_size=&#8220;30px&#8220; global_colors_info=&#8220;{}&#8220;][\/et_pb_post_title][et_pb_tabs active_tab_background_color=&#8220;#d6b884&#8243; inactive_tab_background_color=&#8220;#000000&#8243; active_tab_text_color=&#8220;#000000&#8243; disabled_on=&#8220;on|on|off&#8220; admin_label=&#8220;Kartice&#8220; _builder_version=&#8220;4.17.3&#8243; tab_text_color=&#8220;#d6b884&#8243; body_font=&#8220;||||||||&#8220; body_text_color=&#8220;#d6b884&#8243; tab_font=&#8220;||||||||&#8220; tab_font_size=&#8220;16px&#8220; background_color=&#8220;#000000&#8243; hover_enabled=&#8220;0&#8243; border_color_all=&#8220;#d6b884&#8243; global_colors_info=&#8220;{}&#8220; sticky_enabled=&#8220;0&#8243;][et_pb_tab title=&#8220;Ekonomska klasa vozila&#8220; _builder_version=&#8220;4.17.3&#8243; global_colors_info=&#8220;{}&#8220;]<\/p>\n<div class=\"cjenovnik\">\n<table>\n<thead>\n<tr>\n<td><strong>Marka<\/strong><\/td>\n<td><strong>Tip<\/strong><\/td>\n<td><strong>Godi\u0161te<\/strong><\/td>\n<td><strong>Boja<\/strong><\/td>\n<td><strong>Transmisija<\/strong><\/td>\n<td><strong>1-2 dana<\/strong><\/td>\n<td><strong>3-4 dana<\/strong><\/td>\n<td><strong>5-7 dana<\/strong><\/td>\n<td><strong>8-14 dana<\/strong><\/td>\n<td><strong>15-21 dana<\/strong><\/td>\n<td><strong>22-30 dana<\/strong><\/td>\n<td><strong>Vi\u0161e od 30 dana<\/strong><\/td>\n<\/tr>\n<\/thead>\n<tbody>\n<tr>\n<td>\u0160koda<\/td>\n<td>Fabia<\/td>\n<td>2019<\/td>\n<td>Crna<\/td>\n<td>Manuelna<\/td>\n<td>110<\/td>\n<td>70<\/td>\n<td>60<\/td>\n<td>55<\/td>\n<td>50<\/td>\n<td>45<\/td>\n<td>40<\/td>\n<\/tr>\n<tr>\n<td>\u0160koda<\/td>\n<td>Fabia<\/td>\n<td>2019<\/td>\n<td>Crna<\/td>\n<td>Manuelna<\/td>\n<td>110<\/td>\n<td>70<\/td>\n<td>60<\/td>\n<td>55<\/td>\n<td>50<\/td>\n<td>45<\/td>\n<td>40<\/td>\n<\/tr>\n<tr>\n<td>\u0160koda<\/td>\n<td>Fabia<\/td>\n<td>2019<\/td>\n<td>Crna<\/td>\n<td>Manuelna<\/td>\n<td>110<\/td>\n<td>70<\/td>\n<td>60<\/td>\n<td>55<\/td>\n<td>50<\/td>\n<td>45<\/td>\n<td>40<\/td>\n<\/tr>\n<tr>\n<td>\u0160koda<\/td>\n<td>Fabia<\/td>\n<td>2019<\/td>\n<td>Crvena<\/td>\n<td>Manuelna<\/td>\n<td>110<\/td>\n<td>70<\/td>\n<td>60<\/td>\n<td>55<\/td>\n<td>50<\/td>\n<td>45<\/td>\n<td>40<\/td>\n<\/tr>\n<\/tbody>\n<\/table>\n<\/div>\n<p>[\/et_pb_tab][et_pb_tab title=&#8220;Srednja klasa vozila&#8220; _builder_version=&#8220;4.17.3&#8243; hover_enabled=&#8220;0&#8243; global_colors_info=&#8220;{}&#8220; sticky_enabled=&#8220;0&#8243;]<\/p>\n<div class=\"cjenovnik\">\n<table>\n<thead>\n<tr>\n<td><strong>Marka<\/strong><\/td>\n<td><strong>Tip<\/strong><\/td>\n<td><strong>Godi\u0161te<\/strong><\/td>\n<td><strong>Boja<\/strong><\/td>\n<td><strong>Transmisija<\/strong><\/td>\n<td><strong>1-2 dana<\/strong><\/td>\n<td><strong>3-4 dana<\/strong><\/td>\n<td><strong>5-7 dana<\/strong><\/td>\n<td><strong>8-14 dana<\/strong><\/td>\n<td><strong>15-21 dana<\/strong><\/td>\n<td><strong>22-30 dana<\/strong><\/td>\n<td><strong>Vi\u0161e od 30 dana<\/strong><\/td>\n<\/tr>\n<\/thead>\n<tbody>\n<tr>\n<td>\u0160koda<\/td>\n<td>Octavia<\/td>\n<td>2019<\/td>\n<td>Crna<\/td>\n<td>Manuelna<\/td>\n<td>160<\/td>\n<td>130<\/td>\n<td>120<\/td>\n<td>110<\/td>\n<td>100<\/td>\n<td>90<\/td>\n<td>80<\/td>\n<\/tr>\n<\/tbody>\n<\/table>\n<\/div>\n<p>[\/et_pb_tab][et_pb_tab title=&#8220;SUV vozila&#8220; _builder_version=&#8220;4.17.3&#8243; hover_enabled=&#8220;0&#8243; global_colors_info=&#8220;{}&#8220; sticky_enabled=&#8220;0&#8243;]<\/p>\n<div class=\"cjenovnik\">\n<table style=\"height: 92px;\">\n<thead>\n<tr style=\"height: 23px;\">\n<td style=\"height: 23px; width: 74px;\"><strong>Marka<\/strong><\/td>\n<td style=\"height: 23px; width: 52px;\"><strong>Tip<\/strong><\/td>\n<td style=\"height: 23px; width: 55px;\"><strong>Godi\u0161te<\/strong><\/td>\n<td style=\"height: 23px; width: 39px;\"><strong>Boja<\/strong><\/td>\n<td style=\"height: 23px; width: 78px;\"><strong>Transmisija<\/strong><\/td>\n<td style=\"height: 23px; width: 59px;\"><strong>1-2 dana<\/strong><\/td>\n<td style=\"height: 23px; width: 59px;\"><strong>3-4 dana<\/strong><\/td>\n<td style=\"height: 23px; width: 59px;\"><strong>5-7 dana<\/strong><\/td>\n<td style=\"height: 23px; width: 67px;\"><strong>8-14 dana<\/strong><\/td>\n<td style=\"height: 23px; width: 75px;\"><strong>15-21 dana<\/strong><\/td>\n<td style=\"height: 23px; width: 75px;\"><strong>22-30 dana<\/strong><\/td>\n<td style=\"height: 23px; width: 110px;\"><strong>Vi\u0161e od 30 dana<\/strong><\/td>\n<\/tr>\n<tr style=\"height: 23px;\">\n<td style=\"height: 23px; width: 74px;\">Seat<\/td>\n<td style=\"height: 23px; width: 52px;\">Arona<\/td>\n<td style=\"height: 23px; width: 55px;\">2019<\/td>\n<td style=\"height: 23px; width: 39px;\">Siva<\/td>\n<td style=\"height: 23px; width: 78px;\">Manuelna<\/td>\n<td style=\"height: 23px; width: 59px;\">150<\/td>\n<td style=\"height: 23px; width: 59px;\">120<\/td>\n<td style=\"height: 23px; width: 59px;\">110<\/td>\n<td style=\"height: 23px; width: 67px;\">100<\/td>\n<td style=\"height: 23px; width: 75px;\">90<\/td>\n<td style=\"height: 23px; width: 75px;\">80<\/td>\n<td style=\"height: 23px; width: 110px;\">70<\/td>\n<\/tr>\n<\/thead>\n<tbody>\n<tr style=\"height: 23px;\">\n<td style=\"height: 23px; width: 74px;\">Seat<\/td>\n<td style=\"height: 23px; width: 52px;\">Arona<\/td>\n<td style=\"height: 23px; width: 55px;\">2019<\/td>\n<td style=\"height: 23px; width: 39px;\">Siva<\/td>\n<td style=\"height: 23px; width: 78px;\">Manuelna<\/td>\n<td style=\"height: 23px; width: 59px;\">150<\/td>\n<td style=\"height: 23px; width: 59px;\">120<\/td>\n<td style=\"height: 23px; width: 59px;\">110<\/td>\n<td style=\"height: 23px; width: 67px;\">100<\/td>\n<td style=\"height: 23px; width: 75px;\">90<\/td>\n<td style=\"height: 23px; width: 75px;\">80<\/td>\n<td style=\"height: 23px; width: 110px;\">70<\/td>\n<\/tr>\n<tr style=\"height: 23px;\">\n<td style=\"height: 23px; width: 74px;\">Volkswagen<\/td>\n<td style=\"height: 23px; width: 52px;\">Touareg<\/td>\n<td style=\"height: 23px; width: 55px;\">2017<\/td>\n<td style=\"height: 23px; width: 39px;\">Zlatna<\/td>\n<td style=\"height: 23px; width: 78px;\">Automatik<\/td>\n<td style=\"height: 23px; width: 59px;\">280<\/td>\n<td style=\"height: 23px; width: 59px;\">230<\/td>\n<td style=\"height: 23px; width: 59px;\">220<\/td>\n<td style=\"height: 23px; width: 67px;\">210<\/td>\n<td style=\"height: 23px; width: 75px;\">200<\/td>\n<td style=\"height: 23px; width: 75px;\">190<\/td>\n<td style=\"height: 23px; width: 110px;\">180<\/td>\n<\/tr>\n<tr>\n<td style=\"width: 74px;\">Mercedes<\/td>\n<td style=\"width: 52px;\">ML<\/td>\n<td style=\"width: 55px;\">2017<\/td>\n<td style=\"width: 39px;\">Crna<\/td>\n<td style=\"width: 78px;\">Automatik<\/td>\n<td style=\"width: 59px;\">280<\/td>\n<td style=\"width: 59px;\">240<\/td>\n<td style=\"width: 59px;\">230<\/td>\n<td style=\"width: 67px;\">220<\/td>\n<td style=\"width: 75px;\">210<\/td>\n<td style=\"width: 75px;\">200<\/td>\n<td style=\"width: 110px;\">190<\/td>\n<\/tr>\n<tr>\n<td style=\"width: 74px;\">\u0160koda<\/td>\n<td style=\"width: 52px;\">Yeti<\/td>\n<td style=\"width: 55px;\">2017<\/td>\n<td style=\"width: 39px;\">Braon<\/td>\n<td style=\"width: 78px;\">Automatik<\/td>\n<td style=\"width: 59px;\">170<\/td>\n<td style=\"width: 59px;\">140<\/td>\n<td style=\"width: 59px;\">130<\/td>\n<td style=\"width: 67px;\">120<\/td>\n<td style=\"width: 75px;\">110<\/td>\n<td style=\"width: 75px;\">100<\/td>\n<td style=\"width: 110px;\">90<\/td>\n<\/tr>\n<\/tbody>\n<\/table>\n<\/div>\n<p>[\/et_pb_tab][et_pb_tab title=&#8220;Kombi vozila&#8220; _builder_version=&#8220;4.17.3&#8243; global_colors_info=&#8220;{}&#8220;]<\/p>\n<div class=\"cjenovnik\">\n<table>\n<thead>\n<tr>\n<td><strong>Marka<\/strong><\/td>\n<td><strong>Tip<\/strong><\/td>\n<td><strong>Godi\u0161te<\/strong><\/td>\n<td><strong>Boja<\/strong><\/td>\n<td><strong>Transmisija<\/strong><\/td>\n<td><strong>1-2 dana<\/strong><\/td>\n<td><strong>3-4 dana<\/strong><\/td>\n<td><strong>5-7 dana<\/strong><\/td>\n<td><strong>8-14 dana<\/strong><\/td>\n<td><strong>15-21 dana<\/strong><\/td>\n<td><strong>22-30 dana<\/strong><\/td>\n<td><strong>Vi\u0161e od 30 dana<\/strong><\/td>\n<\/tr>\n<\/thead>\n<tbody>\n<tr>\n<td>Opel<\/td>\n<td>Vivaro<\/td>\n<td>2019<\/td>\n<td>Crna<\/td>\n<td>Manuelna<\/td>\n<td>220<\/td>\n<td>180<\/td>\n<td>170<\/td>\n<td>160<\/td>\n<td>150<\/td>\n<td>140<\/td>\n<td>130<\/td>\n<\/tr>\n<\/tbody>\n<\/table>\n<\/div>\n<p>[\/et_pb_tab][\/et_pb_tabs][et_pb_tabs active_tab_background_color=&#8220;#d6b884&#8243; inactive_tab_background_color=&#8220;#000000&#8243; active_tab_text_color=&#8220;#000000&#8243; disabled_on=&#8220;off|off|on&#8220; _builder_version=&#8220;4.17.3&#8243; tab_text_color=&#8220;#d6b884&#8243; tab_font=&#8220;||||||||&#8220; tab_font_size=&#8220;16px&#8220; background_color=&#8220;#000000&#8243; border_color_all=&#8220;#d6b884&#8243; global_colors_info=&#8220;{}&#8220;][et_pb_tab title=&#8220;Ekonomska klasa vozila&#8220; _builder_version=&#8220;4.17.3&#8243; global_colors_info=&#8220;{}&#8220;]<\/p>\n<div class=\"cjenovnik_responsive\">\n<table>\n<thead>\n<tr>\n<td><strong>Marka<\/strong><\/td>\n<td>\u0160koda<\/td>\n<\/tr>\n<tr>\n<td><strong>Tip<\/strong><\/td>\n<td>Fabia<\/td>\n<\/tr>\n<tr>\n<td><strong>Godi\u0161te<\/strong><\/td>\n<td>2019<\/td>\n<\/tr>\n<tr>\n<td><strong>Boja<\/strong><\/td>\n<td>Crna<\/td>\n<\/tr>\n<tr>\n<td><strong>Transmisija<\/strong><\/td>\n<td>Manuelna<\/td>\n<\/tr>\n<tr>\n<td><strong>1-2 dana<\/strong><\/td>\n<td>110<\/td>\n<\/tr>\n<tr>\n<td><strong>3-4 dana<\/strong><\/td>\n<td>70<\/td>\n<\/tr>\n<tr>\n<td><strong>5-7 dana<\/strong><\/td>\n<td>60<\/td>\n<\/tr>\n<tr>\n<td><strong>8-14 dana<\/strong><\/td>\n<td>55<\/td>\n<\/tr>\n<tr>\n<td><strong>15-21 dana<\/strong><\/td>\n<td>50<\/td>\n<\/tr>\n<tr>\n<td><strong>22-30 dana<\/strong><\/td>\n<td>45<\/td>\n<\/tr>\n<tr>\n<td><strong>Vi\u0161e od 30 dana<\/strong><\/td>\n<td>40<\/td>\n<\/tr>\n<\/thead>\n<\/table>\n<\/div>\n<div class=\"cjenovnik_responsive\">\n<table>\n<thead>\n<tr>\n<td><strong>Marka<\/strong><\/td>\n<td>\u0160koda<\/td>\n<\/tr>\n<tr>\n<td><strong>Tip<\/strong><\/td>\n<td>Fabia<\/td>\n<\/tr>\n<tr>\n<td><strong>Godi\u0161te<\/strong><\/td>\n<td>2019<\/td>\n<\/tr>\n<tr>\n<td><strong>Boja<\/strong><\/td>\n<td>Crna<\/td>\n<\/tr>\n<tr>\n<td><strong>Transmisija<\/strong><\/td>\n<td>Manuelna<\/td>\n<\/tr>\n<tr>\n<td><strong>1-2 dana<\/strong><\/td>\n<td>110<\/td>\n<\/tr>\n<tr>\n<td><strong>3-4 dana<\/strong><\/td>\n<td>70<\/td>\n<\/tr>\n<tr>\n<td><strong>5-7 dana<\/strong><\/td>\n<td>60<\/td>\n<\/tr>\n<tr>\n<td><strong>8-14 dana<\/strong><\/td>\n<td>55<\/td>\n<\/tr>\n<tr>\n<td><strong>15-21 dana<\/strong><\/td>\n<td>50<\/td>\n<\/tr>\n<tr>\n<td><strong>22-30 dana<\/strong><\/td>\n<td>45<\/td>\n<\/tr>\n<tr>\n<td><strong>Vi\u0161e od 30 dana<\/strong><\/td>\n<td>40<\/td>\n<\/tr>\n<\/thead>\n<\/table>\n<\/div>\n<div class=\"cjenovnik_responsive\">\n<table>\n<thead>\n<tr>\n<td><strong>Marka<\/strong><\/td>\n<td>\u0160koda<\/td>\n<\/tr>\n<tr>\n<td><strong>Tip<\/strong><\/td>\n<td>Fabia<\/td>\n<\/tr>\n<tr>\n<td><strong>Godi\u0161te<\/strong><\/td>\n<td>2019<\/td>\n<\/tr>\n<tr>\n<td><strong>Boja<\/strong><\/td>\n<td>Crna<\/td>\n<\/tr>\n<tr>\n<td><strong>Transmisija<\/strong><\/td>\n<td>Manuelna<\/td>\n<\/tr>\n<tr>\n<td><strong>1-2 dana<\/strong><\/td>\n<td>110<\/td>\n<\/tr>\n<tr>\n<td><strong>3-4 dana<\/strong><\/td>\n<td>70<\/td>\n<\/tr>\n<tr>\n<td><strong>5-7 dana<\/strong><\/td>\n<td>60<\/td>\n<\/tr>\n<tr>\n<td><strong>8-14 dana<\/strong><\/td>\n<td>55<\/td>\n<\/tr>\n<tr>\n<td><strong>15-21 dana<\/strong><\/td>\n<td>50<\/td>\n<\/tr>\n<tr>\n<td><strong>22-30 dana<\/strong><\/td>\n<td>45<\/td>\n<\/tr>\n<tr>\n<td><strong>Vi\u0161e od 30 dana<\/strong><\/td>\n<td>40<\/td>\n<\/tr>\n<\/thead>\n<\/table>\n<\/div>\n<div class=\"cjenovnik_responsive\">\n<table>\n<thead>\n<tr>\n<td><strong>Marka<\/strong><\/td>\n<td>\u0160koda<\/td>\n<\/tr>\n<tr>\n<td><strong>Tip<\/strong><\/td>\n<td>Fabia<\/td>\n<\/tr>\n<tr>\n<td><strong>Godi\u0161te<\/strong><\/td>\n<td>2019<\/td>\n<\/tr>\n<tr>\n<td><strong>Boja<\/strong><\/td>\n<td>Crvena<\/td>\n<\/tr>\n<tr>\n<td><strong>Transmisija<\/strong><\/td>\n<td>Manuelna<\/td>\n<\/tr>\n<tr>\n<td><strong>1-2 dana<\/strong><\/td>\n<td>110<\/td>\n<\/tr>\n<tr>\n<td><strong>3-4 dana<\/strong><\/td>\n<td>70<\/td>\n<\/tr>\n<tr>\n<td><strong>5-7 dana<\/strong><\/td>\n<td>60<\/td>\n<\/tr>\n<tr>\n<td><strong>8-14 dana<\/strong><\/td>\n<td>55<\/td>\n<\/tr>\n<tr>\n<td><strong>15-21 dana<\/strong><\/td>\n<td>50<\/td>\n<\/tr>\n<tr>\n<td><strong>22-30 dana<\/strong><\/td>\n<td>45<\/td>\n<\/tr>\n<tr>\n<td><strong>Vi\u0161e od 30 dana<\/strong><\/td>\n<td>40<\/td>\n<\/tr>\n<\/thead>\n<\/table>\n<\/div>\n<p>[\/et_pb_tab][et_pb_tab title=&#8220;Srednja klasa vozila&#8220; _builder_version=&#8220;4.17.3&#8243; global_colors_info=&#8220;{}&#8220;]<\/p>\n<div class=\"cjenovnik_responsive\">\n<table>\n<thead>\n<tr>\n<td><strong>Marka<\/strong><\/td>\n<td>\u0160koda<\/td>\n<\/tr>\n<tr>\n<td><strong>Tip<\/strong><\/td>\n<td>Octavia<\/td>\n<\/tr>\n<tr>\n<td><strong>Godi\u0161te<\/strong><\/td>\n<td>2019<\/td>\n<\/tr>\n<tr>\n<td><strong>Boja<\/strong><\/td>\n<td>Crna<\/td>\n<\/tr>\n<tr>\n<td><strong>Transmisija<\/strong><\/td>\n<td>Manuelna<\/td>\n<\/tr>\n<tr>\n<td><strong>1-2 dana<\/strong><\/td>\n<td>160<\/td>\n<\/tr>\n<tr>\n<td><strong>3-4 dana<\/strong><\/td>\n<td>130<\/td>\n<\/tr>\n<tr>\n<td><strong>5-7 dana<\/strong><\/td>\n<td>120<\/td>\n<\/tr>\n<tr>\n<td><strong>8-14 dana<\/strong><\/td>\n<td>110<\/td>\n<\/tr>\n<tr>\n<td><strong>15-21 dana<\/strong><\/td>\n<td>100<\/td>\n<\/tr>\n<tr>\n<td><strong>22-30 dana<\/strong><\/td>\n<td>90<\/td>\n<\/tr>\n<tr>\n<td><strong>Vi\u0161e od 30 dana<\/strong><\/td>\n<td>80<\/td>\n<\/tr>\n<\/thead>\n<\/table>\n<\/div>\n<p>[\/et_pb_tab][et_pb_tab title=&#8220;SUV vozila&#8220; _builder_version=&#8220;4.17.3&#8243; hover_enabled=&#8220;0&#8243; global_colors_info=&#8220;{}&#8220; sticky_enabled=&#8220;0&#8243;]<\/p>\n<div class=\"cjenovnik_responsive\">\n<table>\n<thead>\n<tr>\n<td><strong>Marka<\/strong><\/td>\n<td>Seat<\/td>\n<\/tr>\n<tr>\n<td><strong>Tip<\/strong><\/td>\n<td>Arona<\/td>\n<\/tr>\n<tr>\n<td><strong>Godi\u0161te<\/strong><\/td>\n<td>2019<\/td>\n<\/tr>\n<tr>\n<td><strong>Boja<\/strong><\/td>\n<td>Siva<\/td>\n<\/tr>\n<tr>\n<td><strong>Transmisija<\/strong><\/td>\n<td>Manuelna<\/td>\n<\/tr>\n<tr>\n<td><strong>1-2 dana<\/strong><\/td>\n<td>150<\/td>\n<\/tr>\n<tr>\n<td><strong>3-4 dana<\/strong><\/td>\n<td>120<\/td>\n<\/tr>\n<tr>\n<td><strong>5-7 dana<\/strong><\/td>\n<td>110<\/td>\n<\/tr>\n<tr>\n<td><strong>8-14 dana<\/strong><\/td>\n<td>100<\/td>\n<\/tr>\n<tr>\n<td><strong>15-21 dana<\/strong><\/td>\n<td>90<\/td>\n<\/tr>\n<tr>\n<td><strong>22-30 dana<\/strong><\/td>\n<td>80<\/td>\n<\/tr>\n<tr>\n<td><strong>Vi\u0161e od 30 dana<\/strong><\/td>\n<td>70<\/td>\n<\/tr>\n<\/thead>\n<\/table>\n<\/div>\n<div class=\"cjenovnik_responsive\">\n<table>\n<thead>\n<tr>\n<td><strong>Marka<\/strong><\/td>\n<td>Seat<\/td>\n<\/tr>\n<tr>\n<td><strong>Tip<\/strong><\/td>\n<td>Arona<\/td>\n<\/tr>\n<tr>\n<td><strong>Godi\u0161te<\/strong><\/td>\n<td>2019<\/td>\n<\/tr>\n<tr>\n<td><strong>Boja<\/strong><\/td>\n<td>Siva<\/td>\n<\/tr>\n<tr>\n<td><strong>Transmisija<\/strong><\/td>\n<td>Manuelna<\/td>\n<\/tr>\n<tr>\n<td><strong>1-2 dana<\/strong><\/td>\n<td>150<\/td>\n<\/tr>\n<tr>\n<td><strong>3-4 dana<\/strong><\/td>\n<td>120<\/td>\n<\/tr>\n<tr>\n<td><strong>5-7 dana<\/strong><\/td>\n<td>110<\/td>\n<\/tr>\n<tr>\n<td><strong>8-14 dana<\/strong><\/td>\n<td>100<\/td>\n<\/tr>\n<tr>\n<td><strong>15-21 dana<\/strong><\/td>\n<td>90<\/td>\n<\/tr>\n<tr>\n<td><strong>22-30 dana<\/strong><\/td>\n<td>80<\/td>\n<\/tr>\n<tr>\n<td><strong>Vi\u0161e od 30 dana<\/strong><\/td>\n<td>70<\/td>\n<\/tr>\n<\/thead>\n<\/table>\n<\/div>\n<div class=\"cjenovnik_responsive\">\n<table>\n<thead>\n<tr>\n<td><strong>Marka<\/strong><\/td>\n<td>Volkswagen<\/td>\n<\/tr>\n<tr>\n<td><strong>Tip<\/strong><\/td>\n<td>Touareg<\/td>\n<\/tr>\n<tr>\n<td><strong>Godi\u0161te<\/strong><\/td>\n<td>2017<\/td>\n<\/tr>\n<tr>\n<td><strong>Boja<\/strong><\/td>\n<td>Zlatna<\/td>\n<\/tr>\n<tr>\n<td><strong>Transmisija<\/strong><\/td>\n<td>Automatik<\/td>\n<\/tr>\n<tr>\n<td><strong>1-2 dana<\/strong><\/td>\n<td>280<\/td>\n<\/tr>\n<tr>\n<td><strong>3-4 dana<\/strong><\/td>\n<td>230<\/td>\n<\/tr>\n<tr>\n<td><strong>5-7 dana<\/strong><\/td>\n<td>220<\/td>\n<\/tr>\n<tr>\n<td><strong>8-14 dana<\/strong><\/td>\n<td>210<\/td>\n<\/tr>\n<tr>\n<td><strong>15-21 dana<\/strong><\/td>\n<td>200<\/td>\n<\/tr>\n<tr>\n<td><strong>22-30 dana<\/strong><\/td>\n<td>190<\/td>\n<\/tr>\n<tr>\n<td><strong>Vi\u0161e od 30 dana<\/strong><\/td>\n<td>180<\/td>\n<\/tr>\n<\/thead>\n<\/table>\n<\/div>\n<div class=\"cjenovnik_responsive\">\n<table>\n<thead>\n<tr>\n<td><strong>Marka<\/strong><\/td>\n<td>Mercedes<\/td>\n<\/tr>\n<tr>\n<td><strong>Tip<\/strong><\/td>\n<td>ML<\/td>\n<\/tr>\n<tr>\n<td><strong>Godi\u0161te<\/strong><\/td>\n<td>2017<\/td>\n<\/tr>\n<tr>\n<td><strong>Boja<\/strong><\/td>\n<td>Crna<\/td>\n<\/tr>\n<tr>\n<td><strong>Transmisija<\/strong><\/td>\n<td>Automatik<\/td>\n<\/tr>\n<tr>\n<td><strong>1-2 dana<\/strong><\/td>\n<td>280<\/td>\n<\/tr>\n<tr>\n<td><strong>3-4 dana<\/strong><\/td>\n<td>240<\/td>\n<\/tr>\n<tr>\n<td><strong>5-7 dana<\/strong><\/td>\n<td>230<\/td>\n<\/tr>\n<tr>\n<td><strong>8-14 dana<\/strong><\/td>\n<td>220<\/td>\n<\/tr>\n<tr>\n<td><strong>15-21 dana<\/strong><\/td>\n<td>210<\/td>\n<\/tr>\n<tr>\n<td><strong>22-30 dana<\/strong><\/td>\n<td>200<\/td>\n<\/tr>\n<tr>\n<td><strong>Vi\u0161e od 30 dana<\/strong><\/td>\n<td>190<\/td>\n<\/tr>\n<\/thead>\n<\/table>\n<\/div>\n<div class=\"cjenovnik_responsive\">\n<table>\n<thead>\n<tr>\n<td><strong>Marka<\/strong><\/td>\n<td>\u0160koda<\/td>\n<\/tr>\n<tr>\n<td><strong>Tip<\/strong><\/td>\n<td>Yeti<\/td>\n<\/tr>\n<tr>\n<td><strong>Godi\u0161te<\/strong><\/td>\n<td>2017<\/td>\n<\/tr>\n<tr>\n<td><strong>Boja<\/strong><\/td>\n<td>Braon<\/td>\n<\/tr>\n<tr>\n<td><strong>Transmisija<\/strong><\/td>\n<td>Automatik<\/td>\n<\/tr>\n<tr>\n<td><strong>1-2 dana<\/strong><\/td>\n<td>170<\/td>\n<\/tr>\n<tr>\n<td><strong>3-4 dana<\/strong><\/td>\n<td>140<\/td>\n<\/tr>\n<tr>\n<td><strong>5-7 dana<\/strong><\/td>\n<td>130<\/td>\n<\/tr>\n<tr>\n<td><strong>8-14 dana<\/strong><\/td>\n<td>120<\/td>\n<\/tr>\n<tr>\n<td><strong>15-21 dana<\/strong><\/td>\n<td>110<\/td>\n<\/tr>\n<tr>\n<td><strong>22-30 dana<\/strong><\/td>\n<td>100<\/td>\n<\/tr>\n<tr>\n<td><strong>Vi\u0161e od 30 dana<\/strong><\/td>\n<td>90<\/td>\n<\/tr>\n<\/thead>\n<\/table>\n<\/div>\n<p>[\/et_pb_tab][et_pb_tab title=&#8220;Kombi vozila&#8220; _builder_version=&#8220;4.17.3&#8243; global_colors_info=&#8220;{}&#8220;]<\/p>\n<div class=\"cjenovnik_responsive\">\n<table>\n<thead>\n<tr>\n<td><strong>Marka<\/strong><\/td>\n<td>Opel<\/td>\n<\/tr>\n<tr>\n<td><strong>Tip<\/strong><\/td>\n<td>Vivaro<\/td>\n<\/tr>\n<tr>\n<td><strong>Godi\u0161te<\/strong><\/td>\n<td>2019<\/td>\n<\/tr>\n<tr>\n<td><strong>Boja<\/strong><\/td>\n<td>Crna<\/td>\n<\/tr>\n<tr>\n<td><strong>Transmisija<\/strong><\/td>\n<td>Manuelna<\/td>\n<\/tr>\n<tr>\n<td><strong>1-2 dana<\/strong><\/td>\n<td>220<\/td>\n<\/tr>\n<tr>\n<td><strong>3-4 dana<\/strong><\/td>\n<td>180<\/td>\n<\/tr>\n<tr>\n<td><strong>5-7 dana<\/strong><\/td>\n<td>170<\/td>\n<\/tr>\n<tr>\n<td><strong>8-14 dana<\/strong><\/td>\n<td>160<\/td>\n<\/tr>\n<tr>\n<td><strong>15-21 dana<\/strong><\/td>\n<td>150<\/td>\n<\/tr>\n<tr>\n<td><strong>22-30 dana<\/strong><\/td>\n<td>140<\/td>\n<\/tr>\n<tr>\n<td><strong>Vi\u0161e od 30 dana<\/strong><\/td>\n<td>130<\/td>\n<\/tr>\n<\/thead>\n<\/table>\n<\/div>\n<p>[\/et_pb_tab][\/et_pb_tabs][et_pb_text admin_label=&#8220;Tekst&#8220; _builder_version=&#8220;4.17.3&#8243; _module_preset=&#8220;default&#8220; global_colors_info=&#8220;{}&#8220;]<\/p>\n<p>Navedene cijene izra\u017eene su bez PDV-a.<\/p>\n<p>[\/et_pb_text][\/et_pb_column][\/et_pb_row][\/et_pb_section]<\/p>\n","protected":false},"excerpt":{"rendered":"<p>Marka Tip Godi\u0161te Boja Transmisija 1-2 dana 3-4 dana 5-7 dana 8-14 dana 15-21 dana 22-30 dana Vi\u0161e od 30 dana \u0160koda Fabia 2019 Crna Manuelna 110 70 60 55 50 45 40 \u0160koda Fabia 2019 Crna Manuelna 110 70 60 55 50 45 40 \u0160koda Fabia 2019 Crna Manuelna 110 70 60 55 50 [&hellip;]<\/p>\n","protected":false},"author":1,"featured_media":0,"parent":0,"menu_order":0,"comment_status":"closed","ping_status":"closed","template":"","meta":{"_et_pb_use_builder":"on","_et_pb_old_content":"","_et_gb_content_width":"","inline_featured_image":false,"footnotes":""},"class_list":["post-93","page","type-page","status-publish","hentry"],"aioseo_notices":[],"_links":{"self":[{"href":"https:\/\/angels.ba\/rent-a-car\/wp-json\/wp\/v2\/pages\/93","targetHints":{"allow":["GET"]}}],"collection":[{"href":"https:\/\/angels.ba\/rent-a-car\/wp-json\/wp\/v2\/pages"}],"about":[{"href":"https:\/\/angels.ba\/rent-a-car\/wp-json\/wp\/v2\/types\/page"}],"author":[{"embeddable":true,"href":"https:\/\/angels.ba\/rent-a-car\/wp-json\/wp\/v2\/users\/1"}],"replies":[{"embeddable":true,"href":"https:\/\/angels.ba\/rent-a-car\/wp-json\/wp\/v2\/comments?post=93"}],"version-history":[{"count":79,"href":"https:\/\/angels.ba\/rent-a-car\/wp-json\/wp\/v2\/pages\/93\/revisions"}],"predecessor-version":[{"id":914,"href":"https:\/\/angels.ba\/rent-a-car\/wp-json\/wp\/v2\/pages\/93\/revisions\/914"}],"wp:attachment":[{"href":"https:\/\/angels.ba\/rent-a-car\/wp-json\/wp\/v2\/media?parent=93"}],"curies":[{"name":"wp","href":"https:\/\/api.w.org\/{rel}","templated":true}]}}